{"id":9353,"date":"2025-12-31T08:41:03","date_gmt":"2025-12-31T07:41:03","guid":{"rendered":"https:\/\/www.cekom.hr\/?page_id=9353"},"modified":"2025-12-31T08:41:36","modified_gmt":"2025-12-31T07:41:36","slug":"foradvise","status":"publish","type":"page","link":"https:\/\/www.cekom.hr\/en\/foradvise\/","title":{"rendered":"foradvise"},"content":{"rendered":"<p>[et_pb_section fb_built=&#8221;1&#8243; admin_label=&#8221;Header&#8221; _builder_version=&#8221;4.27.4&#8243; _module_preset=&#8221;default&#8221; background_color=&#8221;#e9edf4&#8243; use_background_color_gradient=&#8221;on&#8221; background_color_gradient_direction=&#8221;90deg&#8221; background_color_gradient_stops=&#8221;#ffffff 42%|rgba(255,255,255,0) 100%&#8221; background_color_gradient_overlays_image=&#8221;on&#8221; background_size=&#8221;initial&#8221; background_position=&#8221;center_right&#8221; min_height=&#8221;25em&#8221; custom_margin=&#8221;||||false|false&#8221; custom_padding=&#8221;||||false|false&#8221; hover_enabled=&#8221;0&#8243; background_last_edited=&#8221;on|tablet&#8221; background_color_gradient_direction_phone=&#8221;180deg&#8221; background_size_tablet=&#8221;contain&#8221; background_size_phone=&#8221;contain&#8221; background_position_tablet=&#8221;top_center&#8221; background_position_phone=&#8221;bottom_center&#8221; locked=&#8221;off&#8221; global_colors_info=&#8221;{}&#8221; theme_builder_area=&#8221;post_content&#8221; title_text=&#8221;Horizontal logo \u2013 kopija&#8221; background_image=&#8221;https:\/\/www.cekom.hr\/wp-content\/uploads\/2025\/12\/Horizontal-logo-\u2013-kopija.png&#8221; sticky_enabled=&#8221;0&#8243;][et_pb_row _builder_version=&#8221;4.16&#8243; _module_preset=&#8221;default&#8221; global_colors_info=&#8221;{}&#8221; theme_builder_area=&#8221;post_content&#8221;][et_pb_column type=&#8221;4_4&#8243; _builder_version=&#8221;4.16&#8243; _module_preset=&#8221;default&#8221; custom_padding=&#8221;80px||||false|false&#8221; custom_padding_tablet=&#8221;&#8221; custom_padding_phone=&#8221;0px||||false|false&#8221; custom_padding_last_edited=&#8221;on|phone&#8221; global_colors_info=&#8221;{}&#8221; theme_builder_area=&#8221;post_content&#8221;][et_pb_text _builder_version=&#8221;4.27.0&#8243; _module_preset=&#8221;e864d11f-3dab-4fa3-ac06-4f0e1a260807&#8243; header_font=&#8221;Oswald|500|||||||&#8221; header_text_color=&#8221;#78C24F&#8221; header_font_size=&#8221;3vw&#8221; header_letter_spacing=&#8221;1px&#8221; header_line_height=&#8221;1.2em&#8221; width=&#8221;50%&#8221; width_tablet=&#8221;60%&#8221; width_phone=&#8221;100%&#8221; width_last_edited=&#8221;on|phone&#8221; custom_margin=&#8221;-3em||0px||false|false&#8221; header_font_size_tablet=&#8221;40px&#8221; header_font_size_phone=&#8221;24px&#8221; header_font_size_last_edited=&#8221;on|desktop&#8221; locked=&#8221;off&#8221; global_colors_info=&#8221;{}&#8221; theme_builder_area=&#8221;post_content&#8221;]<\/p>\n<h2 class=\"av-special-heading-tag\" itemprop=\"headline\" style=\"text-align: left;\"><strong>Horizon Europe<\/strong><\/h2>\n<h1 class=\"av-special-heading-tag\" itemprop=\"headline\" style=\"text-align: left;\">FORADVISE<\/h1>\n<div class=\"special-heading-border\"><\/div>\n<p>[\/et_pb_text][\/et_pb_column][\/et_pb_row][\/et_pb_section][et_pb_section fb_built=&#8221;1&#8243; _builder_version=&#8221;4.24.0&#8243; _module_preset=&#8221;default&#8221; use_background_color_gradient=&#8221;on&#8221; background_color_gradient_stops=&#8221;#e9edf4 0%|#ffffff 30%&#8221; global_colors_info=&#8221;{}&#8221; theme_builder_area=&#8221;post_content&#8221;][et_pb_row _builder_version=&#8221;4.24.0&#8243; _module_preset=&#8221;default&#8221; global_colors_info=&#8221;{}&#8221; theme_builder_area=&#8221;post_content&#8221;][et_pb_column type=&#8221;4_4&#8243; _builder_version=&#8221;4.24.0&#8243; _module_preset=&#8221;default&#8221; global_colors_info=&#8221;{}&#8221; theme_builder_area=&#8221;post_content&#8221;][et_pb_text _builder_version=&#8221;4.27.0&#8243; _module_preset=&#8221;default&#8221; global_colors_info=&#8221;{}&#8221; theme_builder_area=&#8221;post_content&#8221;]<\/p>\n<h1 class=\"av-special-heading-tag\" itemprop=\"headline\" style=\"text-align: left;\"><strong>European advisory and extension networks on forestry - FORADVISE (Horizon Europe)<\/strong><\/h1>\n<p>[\/et_pb_text][et_pb_text _builder_version=&#8221;4.24.0&#8243; _module_preset=&#8221;default&#8221; text_font=&#8221;Poppins||||||||&#8221; text_text_color=&#8221;rgba(0,0,0,0.55)&#8221; text_font_size=&#8221;16px&#8221; link_text_color=&#8221;#0082C8&#8243; global_colors_info=&#8221;{}&#8221; theme_builder_area=&#8221;post_content&#8221;]<\/p>\n<p><strong>Project description:<\/strong>FORADVISE will develop a European network of forest advisory organisations, actors, and networks, to support the modernisation of the forestry sector, and advance towards EU and national policy targets. It will speed up knowledge flows, increase the competences of forest advisors beyond traditional areas of advice, and develop pathways towards a future Forest Knowledge and Innovation System (FOKIS) in Europe. Its ultimate goal is to advance towards more resilient, multifunctional, and productive forests in Europe. To achieve this, FORADVISE, creates an EU forest advisory network on forestry, and animates an iterative knowledge sharing process, combining national and international action, and implements knowledge transfer pilots to adapt advisory practices to new contexts. It develops training modules, contextualising well proven approaches and materials, delivering them through a MOOC. It develops a Cost Benefit Analysis toolkit to increase advisors\u2019 capacities to assess social and economic implications. Lessons learned are the basis for a systematic engagement of policy makers, to create feasible and desirable pathways for the development of forest advisory systems in Europe, and to integrate forest advisors into the Member States\u2019 AKIS. All these activities are supported by an analysis of the Forest Knowledge and Innovation Systems, and the needs and preferences of its different actors. Project activities are supported with dedicated communication and dissemination activities, and exploited through tailored impact pathways, including a digital knowledge platform. As the project advances, a smooth transition towards a self-sustained network is embedded into project activities. A dedicate task identifies working modalities and business models for the long-term continuation of the network, building upon the experience of the FOREXT initiative. FORADVISE consortium gathers Europe\u2019s main actors in forestry advice.<\/p>\n<p><strong>Project FORADVISE results:<\/strong><\/p>\n<p>A self-sustaining forest advisory network well inserted into the national\/regional AKIS. Collection of scientifically sound and innovative, forestry &amp; advisory methods, tested in real environment. Learning modules, and online courses targeting different types of advisors. A refined methodological approach to successfully transfer new advisory practices. A novel methodology and toolkit for extended CBA of forest and advisory practices, along with a standardised approach to assess the impact of advisory methods. Co-created pathways for the development of the FOKIS and the integration of forest advisors into the AKIS, adapted to national and regional context.<\/p>\n<ol><\/ol>\n<p><strong>Project Budget:<\/strong> 3.999.982,02 EUR<\/p>\n<p><strong>CEKOM Budget:<\/strong><span>\u00a0<\/span>46.625,00 EUR<\/p>\n<p><strong>Co-financing Rate:<\/strong><span> 100<\/span>%<\/p>\n<p><strong>Project Duration:<\/strong> 60 months<\/p>\n<p><strong>\u00a0<\/strong><\/p>\n<p><strong>Lead partner:<span>\u00a0<\/span><\/strong>European Forest Institute<\/p>\n<p><strong>Partners:\u00a0<\/strong><span><\/span>European Forest Institute (Int), Forestry Commission Research Agency (UK), Agriculture and Food Development Authority (IE), Swedish Forest Agency (SE), Finnish Forest Centre (FI), Lithuanian Agricultural Advisory Service (LT), The Forest Ownership Centre (ES), National Forest Ownership Centre (FR), Landesbetrieb Wald und Holz Nordrhein-Westfalen (DE), Latvian Rural Advisory and Training centre-Forest Advisory Services centre (LV), Forestry Extension Institute (NO), 2BForest Lda (PT), Basilicon Kft (HU), Natural Resources Institute Finland (FI), Agricultural University of Athens (EL), University of Natural Resources and Life Sciences (AT), Czech University of Life Sciences Prague (CZ), University of Life Sciences in Poznan (PL), Swedish University of Agricultural Sciences (SE), University of Eastern Finland (FI), Universidad De Santiago De Compostela (ES), Agroecology Innovation Advisory S.L. (ES), National Forest Centre (SK), Perth College UHI (UK), Moragues and Scade Abogados SA (ES), Competence Centre Ltd for Research and Development (HR), University of Aveiro (PT), Lukasiewicz Research Network - Poznan Institute of Technology (PL), Fundaci\u00f3n Centro de Servicios Forestales y de su Industria de Castilla y Le\u00f3n (ES), European Institute of Planted Forest (FR), South-East Technological University (IE), Union of Foresters of Southern Europe (SP), Fachagentur Nachwachsende Rohstoffe e.V. (DE), Landeskammer f\u00fcr Land- und Forstwirtschaft in Steiermark (AU)<\/p>\n<p>&nbsp;<\/p>\n<p>Official web site link:<a href=\"https:\/\/www.foradviseproject.eu\/\"><span> https:\/\/www.foradviseproject.eu\/<\/span><\/a><\/p>\n<p>Official Facebook page:<a href=\"https:\/\/www.facebook.com\/foradviseproject\"><span> https:\/\/www.facebook.com\/foradviseproject<\/span><\/a><\/p>\n<p><strong>Disclaimer:<\/strong><\/p>\n<p>The responsibility for the content of this project sub-page lies with the project partner. The contact details of the project partner can be found in the \"Contacts\" section. The Horizon Europe Programme bodies are not responsible for any information contained here.<\/p>\n<p>[\/et_pb_text][\/et_pb_column][\/et_pb_row][\/et_pb_section]<\/p>","protected":false},"excerpt":{"rendered":"<p>Obzor Europa FORADVISE Europske savjetodavne i pro\u0161irene mre\u017ee za \u0161umarstvo &#8211; FORADVISE (Obzor Europa)Opis projekta: FORADVISE \u0107e razviti europsku mre\u017eu savjetodavnih organizacija, aktera i mre\u017ea u sektoru \u0161umarstva, kako bi podr\u017eao modernizaciju sektora \u0161umarstva i napredovanju prema ciljevima EU i nacionalne politike. Navedeno \u0107e ubrzati protok znanja, pove\u0107ati kompetencije \u0161umarskih savjetnika izvan tradicionalnih podru\u010dja savjetovanja [&hellip;]<\/p>","protected":false},"author":1,"featured_media":0,"parent":0,"menu_order":0,"comment_status":"closed","ping_status":"closed","template":"","meta":{"_et_pb_use_builder":"on","_et_pb_old_content":"","_et_gb_content_width":"","footnotes":""},"class_list":["post-9353","page","type-page","status-publish","hentry"],"aioseo_notices":[],"_links":{"self":[{"href":"https:\/\/www.cekom.hr\/en\/wp-json\/wp\/v2\/pages\/9353","targetHints":{"allow":["GET"]}}],"collection":[{"href":"https:\/\/www.cekom.hr\/en\/wp-json\/wp\/v2\/pages"}],"about":[{"href":"https:\/\/www.cekom.hr\/en\/wp-json\/wp\/v2\/types\/page"}],"author":[{"embeddable":true,"href":"https:\/\/www.cekom.hr\/en\/wp-json\/wp\/v2\/users\/1"}],"replies":[{"embeddable":true,"href":"https:\/\/www.cekom.hr\/en\/wp-json\/wp\/v2\/comments?post=9353"}],"version-history":[{"count":3,"href":"https:\/\/www.cekom.hr\/en\/wp-json\/wp\/v2\/pages\/9353\/revisions"}],"predecessor-version":[{"id":9359,"href":"https:\/\/www.cekom.hr\/en\/wp-json\/wp\/v2\/pages\/9353\/revisions\/9359"}],"wp:attachment":[{"href":"https:\/\/www.cekom.hr\/en\/wp-json\/wp\/v2\/media?parent=9353"}],"curies":[{"name":"wp","href":"https:\/\/api.w.org\/{rel}","templated":true}]}}