{"id":9091,"date":"2025-08-20T07:41:15","date_gmt":"2025-08-20T05:41:15","guid":{"rendered":"https:\/\/www.cekom.hr\/?page_id=9091"},"modified":"2025-08-20T08:17:10","modified_gmt":"2025-08-20T06:17:10","slug":"swim","status":"publish","type":"page","link":"https:\/\/www.cekom.hr\/en\/swim\/","title":{"rendered":"SWIM"},"content":{"rendered":"<p>[et_pb_section fb_built=&#8221;1&#8243; admin_label=&#8221;Header&#8221; _builder_version=&#8221;4.27.4&#8243; _module_preset=&#8221;default&#8221; background_color=&#8221;#e9edf4&#8243; use_background_color_gradient=&#8221;on&#8221; background_color_gradient_direction=&#8221;90deg&#8221; background_color_gradient_stops=&#8221;#ffffff 42%|rgba(255,255,255,0) 100%&#8221; background_color_gradient_overlays_image=&#8221;on&#8221; background_image=&#8221;https:\/\/www.cekom.hr\/wp-content\/uploads\/2025\/08\/HE_EU_horizontal_banner_634x165.jpg&#8221; background_size=&#8221;initial&#8221; background_position=&#8221;center_right&#8221; background_horizontal_offset=&#8221;20%&#8221; min_height=&#8221;25em&#8221; custom_margin=&#8221;||||false|false&#8221; custom_padding=&#8221;||||false|false&#8221; background_last_edited=&#8221;on|tablet&#8221; background_color_gradient_direction_phone=&#8221;180deg&#8221; background_size_tablet=&#8221;contain&#8221; background_size_phone=&#8221;contain&#8221; background_position_tablet=&#8221;top_center&#8221; background_position_phone=&#8221;bottom_center&#8221; locked=&#8221;off&#8221; global_colors_info=&#8221;{}&#8221;][et_pb_row _builder_version=&#8221;4.27.4&#8243; _module_preset=&#8221;default&#8221; global_colors_info=&#8221;{}&#8221;][et_pb_column type=&#8221;4_4&#8243; _builder_version=&#8221;4.16&#8243; _module_preset=&#8221;default&#8221; custom_padding=&#8221;80px||||false|false&#8221; custom_padding_tablet=&#8221;&#8221; custom_padding_phone=&#8221;0px||||false|false&#8221; custom_padding_last_edited=&#8221;on|phone&#8221; global_colors_info=&#8221;{}&#8221;][et_pb_text _builder_version=&#8221;4.27.4&#8243; _module_preset=&#8221;e864d11f-3dab-4fa3-ac06-4f0e1a260807&#8243; header_font=&#8221;Oswald|500|||||||&#8221; header_text_color=&#8221;#78C24F&#8221; header_font_size=&#8221;3vw&#8221; header_letter_spacing=&#8221;1px&#8221; header_line_height=&#8221;1.2em&#8221; width=&#8221;50%&#8221; width_tablet=&#8221;60%&#8221; width_phone=&#8221;100%&#8221; width_last_edited=&#8221;on|phone&#8221; custom_margin=&#8221;-3em||0px||false|false&#8221; header_font_size_tablet=&#8221;40px&#8221; header_font_size_phone=&#8221;24px&#8221; header_font_size_last_edited=&#8221;on|desktop&#8221; locked=&#8221;off&#8221; global_colors_info=&#8221;{}&#8221;]<\/p>\n<h2 class=\"av-special-heading-tag\" itemprop=\"headline\" style=\"text-align: left;\"><strong><\/strong>HORIZON EUROPE<\/h2>\n<h1 class=\"av-special-heading-tag\" itemprop=\"headline\" style=\"text-align: left;\">SWIM<\/h1>\n<div class=\"special-heading-border\"><\/div>\n<div id=\"simple-translate\" class=\"simple-translate-system-theme\">\n<div>\n<div style=\"background-image: url('moz-extension:\/\/a3ab8d23-cb6c-4e68-a31c-3a18384d533d\/icons\/512.png'); height: 22px; width: 22px; top: 116px; left: 24px;\" class=\"simple-translate-button isShow\"><\/div>\n<div class=\"simple-translate-panel\" style=\"width: 300px; height: 200px; top: 0px; left: 0px; font-size: 13px;\">\n<div class=\"simple-translate-result-wrapper\" style=\"overflow: hidden;\">\n<div class=\"simple-translate-move\" draggable=\"true\"><\/div>\n<div class=\"simple-translate-result-contents\">\n<p class=\"simple-translate-result\" dir=\"auto\">\n<p class=\"simple-translate-candidate\" dir=\"auto\">\n<\/div>\n<\/div>\n<\/div>\n<\/div>\n<\/div>\n<p>[\/et_pb_text][\/et_pb_column][\/et_pb_row][\/et_pb_section][et_pb_section fb_built=&#8221;1&#8243; _builder_version=&#8221;4.24.0&#8243; _module_preset=&#8221;default&#8221; use_background_color_gradient=&#8221;on&#8221; background_color_gradient_stops=&#8221;#e9edf4 0%|#ffffff 30%&#8221; global_colors_info=&#8221;{}&#8221;][et_pb_row _builder_version=&#8221;4.24.0&#8243; _module_preset=&#8221;default&#8221; global_colors_info=&#8221;{}&#8221;][et_pb_column type=&#8221;4_4&#8243; _builder_version=&#8221;4.24.0&#8243; _module_preset=&#8221;default&#8221; global_colors_info=&#8221;{}&#8221;][et_pb_text _builder_version=&#8221;4.27.4&#8243; _module_preset=&#8221;default&#8221; global_colors_info=&#8221;{}&#8221;]<\/p>\n<h1 class=\"av-special-heading-tag\" itemprop=\"headline\" style=\"text-align: left;\"><strong>Sustainable Water and Integrated Management of Fish Migration and their Habitats in the Danube River Basin and NW Black Sea<\/strong><\/h1>\n<p>[\/et_pb_text][et_pb_text _builder_version=&#8221;4.27.4&#8243; _module_preset=&#8221;default&#8221; text_font=&#8221;Poppins||||||||&#8221; text_text_color=&#8221;rgba(0,0,0,0.55)&#8221; text_font_size=&#8221;16px&#8221; link_text_color=&#8221;#0082C8&#8243; global_colors_info=&#8221;{}&#8221;]<\/p>\n<p><strong>Programme<\/strong>: HORIZON EUROPE<\/p>\n<p><strong>Total budget<\/strong>: 8.277.717,50 EUR<br \/><strong><\/strong><\/p>\n<p><strong>CEKOM's budget<\/strong>: 290.437,50 EUR<br \/><strong><\/strong><\/p>\n<p><strong>Co-financing rate<\/strong>: 100%<\/p>\n<p><strong>Objective: <\/strong><span style=\"font-size: 16px;\">To demonstrate concrete NBS for restoration, protection, and improvement of migratory fish habitats in the Danube River and Black Sea basin<\/span><\/p>\n<p><strong>Lead partner: <\/strong><a href=\"https:\/\/www.fsb.unizg.hr\/index.php?fsbonline\">Sveu\u010dili\u0161te u Zagrebu, Fakultet strojarstva i brodogradnje<\/a> (UNIZG)<\/p>\n<p><strong>Project partners:<\/strong> Katholische Universitat Eichstatt-Ingolstadt (KUEI), Institul National De Cercetare-Dezvoltare Delta Dunarii (DDNI), Hrvatske vode Pravna osoba Za upravljanje vodama (HRvode), Danube Delta Biosphere Reserve Authority (DDBRA), Internationale Arbeitsgemeinschaft Donauforschung (IAD), Institute Of Hydrobiology Nas of Ukraine (IHB), Technick\u00e1 Univerzita V Ko\u0161iciach (TUKE), Szechenyi Istvan Egyetem (SZE), Centar kompetencija doo za istra\u017eivanje i razvoj (CEKOM), Univerzitet U Novom Sadu, Poljoprivredni Fakultet Novi Sad (UNSFA), Metcenas: Method. Center For Environment Assessment, O.P.S (MET), Ceska Zemedelska Univerzita V Praze (CZU), Geostud Srl (GEOS), Intl Centre For Energy Water and Environment Systems &#8211; Mk (SDEWES), Water Research Institute Of Tg Masaryk (TGM-WRI), Adria Innovation Harbour (AIH), Javna Ustanova &#8211; Viroviti\u010dko-Podravske \u017eupanije (JU-VPZ), Javno Preduze\u0107e Nacionalni Parkovi Crne Gore (JP-CG), Ministarstvo prometa, veza i za\u0161tite okoli\u0161a (MPVIZO), Rpk Sombor &#8211; Regionalna Priv. komora Z. Upravnog Okruga (CCIS), Fzi Forschungszentrum Informatik (FZI), \u0160portsko ribolovna udruga Odra Velika Gorica (\u0160RU-ODRA), Institutul National De Hidrologie Si Gospodarire A Apelor (INHGA), Complex Delta Srl (COMPLEX), Hidroing D.O.O. (HIDROING), Inova+ Innovation Services S.A. (INOVA)<\/p>\n<p><strong>Associated partners<\/strong> Intl Commission For The Protection Of The Danube River (ICDPR), Asociatia Wwf (World Wildlife Fund) Romania (WWF), Associatia Natura 5 (NAT5), Ministerul Mediului, Apelor Si Padurilor (MMEDIU), Helyben A Hely\u00e9rt Vid\u00e9kfeijleszto Egyes\u00fclet (HAHVE), Commission On Protection Of The Black Sea Against Pollution (BSC), National Agency For Fisheries And Aquaculture (ANPA), Fed. Ministry Of Agricult., Forestry, Regions &amp; Water Mngmnt (BML), International Sava River Basin Commission (ISRBC), Meteoblue Ag (MBAG), Ministry Foreign Affairs &amp; Trade \u2013 Eusdr Pa 4, Water Quality (MFAT), Museum F\u00fcr Naturkunde &#8211; Universitat Zu Berlin (MFN), Zagreba\u010dka \u017eupanija (ZAGZUP), Grad Virovitica (VIROVITICA), Javno Vodoprivredno Preduze\u0107e ,,Vode Vojvodine\u201c Novi Sad (PWMCVV)<\/p>\n<p><strong>SWIM <\/strong>SWIM project aligns with the EU Mission \u201cRestore our Ocean and Waters,\u201d aiming to restore, protect, and enhance habitats of migratory fish species in the Danube River Basin and the Northwestern Black Sea region. By developing and implementing innovative, sustainable, and scalable solutions through 13 activities foreseen at 7 pilot sites, SWIM seeks to improve habitat connectivity, quality and conservation, and overall, the aquatic ecosystems health . The project will set new benchmarks in habitat restoration and actively contribute to the implementation of EU environmental policies through a holistic, multi-disciplinary approach. Building upon extensive past work in relevant projects such as MEASURES, WE PASS 1 and 2, SIMONA and the Danube Lighthouse projects DALIA, DaWetRest and Restore4Life, the SWIM consortium goes a step further in implementing actual complementary technologies (ex-situ restocking actions, hatchery recovery, fish passages, lateral reconnections, digital platform in articulation with MEASURES Info System and DTO, distributed Info centres, etc) in a wide range of freshwater streams (Danube and Tributaries). A key element of SWIM\u2019s strategy is fostering transnational cooperation among diverse stakeholders and across different societal levels, co-designing joint solutions with governmental bodies, NGOs, researchers, and local communities, working through SWIM Alliance. This broad involvement aims to raise public support and ensure the long-term sustainability of the habitat restoration and protection measures , fostering biodiversity conservation, enhancing ecological resilience and the provision of ecosystem services, and thus promoting the socio-economic well-being of the local communities . SWIM\u2019s comprehensive approach to ecological restoration and management has the potential to serve as a model for similar efforts across Europe and beyond, making a significant impact on the health and sustainability of aquatic ecosystems.<\/p>\n<p>&nbsp;<\/p>\n<p>[\/et_pb_text][\/et_pb_column][\/et_pb_row][\/et_pb_section]<\/p>","protected":false},"excerpt":{"rendered":"<p>OBZOR EUROPA SWIM Odr\u017eivo upravljanje vodama i integrirano upravljanje migracijom riba i njihovim stani\u0161tima u slivu rijeke Dunav i SZ Crnom moru &#8211; SWIMProgram: Obzor EUROPA Ukupan prora\u010dun projekta: 8.277.717,50 EUR Prora\u010dun CEKOM: 290.437,50 EUR Stopa sufinanciranja: 100% Cilj projekta: Demonstrirati konkretna prirodna rje\u0161enja (NBS) za obnovu, za\u0161titu i pobolj\u0161anje stani\u0161ta migratornih vrsta riba u [&hellip;]<\/p>","protected":false},"author":1,"featured_media":0,"parent":0,"menu_order":0,"comment_status":"closed","ping_status":"closed","template":"","meta":{"_et_pb_use_builder":"on","_et_pb_old_content":"","_et_gb_content_width":"","footnotes":""},"class_list":["post-9091","page","type-page","status-publish","hentry"],"aioseo_notices":[],"_links":{"self":[{"href":"https:\/\/www.cekom.hr\/en\/wp-json\/wp\/v2\/pages\/9091","targetHints":{"allow":["GET"]}}],"collection":[{"href":"https:\/\/www.cekom.hr\/en\/wp-json\/wp\/v2\/pages"}],"about":[{"href":"https:\/\/www.cekom.hr\/en\/wp-json\/wp\/v2\/types\/page"}],"author":[{"embeddable":true,"href":"https:\/\/www.cekom.hr\/en\/wp-json\/wp\/v2\/users\/1"}],"replies":[{"embeddable":true,"href":"https:\/\/www.cekom.hr\/en\/wp-json\/wp\/v2\/comments?post=9091"}],"version-history":[{"count":8,"href":"https:\/\/www.cekom.hr\/en\/wp-json\/wp\/v2\/pages\/9091\/revisions"}],"predecessor-version":[{"id":9119,"href":"https:\/\/www.cekom.hr\/en\/wp-json\/wp\/v2\/pages\/9091\/revisions\/9119"}],"wp:attachment":[{"href":"https:\/\/www.cekom.hr\/en\/wp-json\/wp\/v2\/media?parent=9091"}],"curies":[{"name":"wp","href":"https:\/\/api.w.org\/{rel}","templated":true}]}}