{"id":8887,"date":"2025-04-08T14:14:33","date_gmt":"2025-04-08T12:14:33","guid":{"rendered":"https:\/\/www.cekom.hr\/?page_id=8887"},"modified":"2025-10-29T11:19:09","modified_gmt":"2025-10-29T10:19:09","slug":"danser","status":"publish","type":"page","link":"https:\/\/www.cekom.hr\/en\/danser\/","title":{"rendered":"DANSER"},"content":{"rendered":"<p>[et_pb_section fb_built=&#8221;1&#8243; admin_label=&#8221;Header&#8221; _builder_version=&#8221;4.27.4&#8243; _module_preset=&#8221;default&#8221; background_color=&#8221;#e9edf4&#8243; use_background_color_gradient=&#8221;on&#8221; background_color_gradient_direction=&#8221;90deg&#8221; background_color_gradient_stops=&#8221;#ffffff 42%|rgba(255,255,255,0) 100%&#8221; background_color_gradient_overlays_image=&#8221;on&#8221; background_image=&#8221;https:\/\/www.cekom.hr\/wp-content\/uploads\/2025\/04\/danser.png&#8221; background_size=&#8221;initial&#8221; background_position=&#8221;center_right&#8221; background_horizontal_offset=&#8221;20%&#8221; min_height=&#8221;25em&#8221; custom_margin=&#8221;||||false|false&#8221; custom_padding=&#8221;||||false|false&#8221; background_last_edited=&#8221;on|tablet&#8221; background_color_gradient_direction_phone=&#8221;180deg&#8221; background_size_tablet=&#8221;contain&#8221; background_size_phone=&#8221;contain&#8221; background_position_tablet=&#8221;top_center&#8221; background_position_phone=&#8221;bottom_center&#8221; locked=&#8221;off&#8221; global_colors_info=&#8221;{}&#8221;][et_pb_row _builder_version=&#8221;4.16&#8243; _module_preset=&#8221;default&#8221; global_colors_info=&#8221;{}&#8221;][et_pb_column type=&#8221;4_4&#8243; _builder_version=&#8221;4.16&#8243; _module_preset=&#8221;default&#8221; custom_padding=&#8221;80px||||false|false&#8221; custom_padding_tablet=&#8221;&#8221; custom_padding_phone=&#8221;0px||||false|false&#8221; custom_padding_last_edited=&#8221;on|phone&#8221; global_colors_info=&#8221;{}&#8221;][et_pb_text _builder_version=&#8221;4.27.4&#8243; _module_preset=&#8221;e864d11f-3dab-4fa3-ac06-4f0e1a260807&#8243; header_font=&#8221;Oswald|500|||||||&#8221; header_text_color=&#8221;#78C24F&#8221; header_font_size=&#8221;3vw&#8221; header_letter_spacing=&#8221;1px&#8221; header_line_height=&#8221;1.2em&#8221; width=&#8221;50%&#8221; width_tablet=&#8221;60%&#8221; width_phone=&#8221;100%&#8221; width_last_edited=&#8221;on|phone&#8221; custom_margin=&#8221;-3em||0px||false|false&#8221; header_font_size_tablet=&#8221;40px&#8221; header_font_size_phone=&#8221;24px&#8221; header_font_size_last_edited=&#8221;on|desktop&#8221; locked=&#8221;off&#8221; global_colors_info=&#8221;{}&#8221;]<\/p>\n<h2 class=\"av-special-heading-tag\" itemprop=\"headline\" style=\"text-align: left;\"><strong><\/strong>HORIZON EUROPE<\/h2>\n<h1 class=\"av-special-heading-tag\" itemprop=\"headline\" style=\"text-align: left;\">DANSER<\/h1>\n<div class=\"special-heading-border\"><\/div>\n<div id=\"simple-translate\" class=\"simple-translate-system-theme\">\n<div>\n<div style=\"background-image: url('moz-extension:\/\/a3ab8d23-cb6c-4e68-a31c-3a18384d533d\/icons\/512.png'); height: 22px; width: 22px; top: 116px; left: 24px;\" class=\"simple-translate-button isShow\"><\/div>\n<div class=\"simple-translate-panel\" style=\"width: 300px; height: 200px; top: 0px; left: 0px; font-size: 13px;\">\n<div class=\"simple-translate-result-wrapper\" style=\"overflow: hidden;\">\n<div class=\"simple-translate-move\" draggable=\"true\"><\/div>\n<div class=\"simple-translate-result-contents\">\n<p class=\"simple-translate-result\" dir=\"auto\">\n<p class=\"simple-translate-candidate\" dir=\"auto\">\n<\/div>\n<\/div>\n<\/div>\n<\/div>\n<\/div>\n<p>[\/et_pb_text][\/et_pb_column][\/et_pb_row][\/et_pb_section][et_pb_section fb_built=&#8221;1&#8243; _builder_version=&#8221;4.24.0&#8243; _module_preset=&#8221;default&#8221; use_background_color_gradient=&#8221;on&#8221; background_color_gradient_stops=&#8221;#e9edf4 0%|#ffffff 30%&#8221; global_colors_info=&#8221;{}&#8221;][et_pb_row _builder_version=&#8221;4.24.0&#8243; _module_preset=&#8221;default&#8221; global_colors_info=&#8221;{}&#8221;][et_pb_column type=&#8221;4_4&#8243; _builder_version=&#8221;4.24.0&#8243; _module_preset=&#8221;default&#8221; global_colors_info=&#8221;{}&#8221;][et_pb_text _builder_version=&#8221;4.27.4&#8243; _module_preset=&#8221;default&#8221; global_colors_info=&#8221;{}&#8221;]<\/p>\n<h1 class=\"av-special-heading-tag\" itemprop=\"headline\" style=\"text-align: left;\"><strong>DANube SEdiment Restoration: towards the deployment and upscaling of sustainable management of the sediments across the Danube catchment basin<\/strong><\/h1>\n<p>[\/et_pb_text][et_pb_text _builder_version=&#8221;4.27.4&#8243; _module_preset=&#8221;default&#8221; text_font=&#8221;Poppins||||||||&#8221; text_text_color=&#8221;rgba(0,0,0,0.55)&#8221; text_font_size=&#8221;16px&#8221; link_text_color=&#8221;#0082C8&#8243; global_colors_info=&#8221;{}&#8221;]<\/p>\n<p><strong>Programme<\/strong>: HORIZON EUROPE<\/p>\n<p><strong>Total budget<\/strong>: 9.148.028,75 EUR<br \/><strong><\/strong><\/p>\n<p><strong>CEKOM's budget<\/strong>: 123.312,50 EUR<br \/><strong><\/strong><\/p>\n<p><strong>Co-financing rate<\/strong>: 100%<\/p>\n<p><strong>DANSER<\/strong> represents a multidisciplinary holistic and scientific based approach focused on the Danube River basin, a vital yet sensitive ecosystem facing climate change and human impacts. DANSER addresses pressing sediment management needs in the Danube River ecosystem, incorporating cutting-edge technologies and aligning with EU policies and directives. Especially attaining the core guidelines of the Danube Sediments Management Guidance.<\/p>\n<p><strong>DANSER<\/strong> delivers a pilot phase and envisages the deployment phase, with a strong emphasis on demonstrating active and passive innovative solutions, such as a) spatio-temporal mapping of natural and anthropogenic fluvial processes, b) sediment transport modelling, (c) sediment dating by radionuclide and radiometric methods, d) historical pollution analysis (e) geophysical survey and 3D historical reconstruction of the demonstration sites, (f) river-groundwater dynamics and pollution transport modelling, (g) river processes forecast simulations based on historical and active processes, (h) sediment budget analysis based on sedimentation measuring stations, UAV and bathymetry surveys, (i) water levels and quality monitoring and analysis j) river-side arm hydrotechnical connectivity interventions, (k) stakeholder-engaged sediment parametric evaluation and co management and (l) Nature based solutions for biodiversity characterization monitoring and improvement.<\/p>\n<p><strong>DANSER<\/strong> proactively forms a transnational sediment working group, collaborates with related institutions, and connects with local communities and engages citizens through participatory tools. DANSER seeks to restore sediment balance, improve sediment flow and quality, characterize pollution transfer mechanisms and integrate such actions and knowledge with partners from the European Union and beyond, while stimulating local and regional economies. DANSER will significantly contribute to creating a sustainable and harmonious relationship between people and the Danube.<\/p>\n<p>&nbsp;<\/p>\n<p>[\/et_pb_text][\/et_pb_column][\/et_pb_row][\/et_pb_section]<\/p>","protected":false},"excerpt":{"rendered":"<p>HORIZON EUROPE DANSER Obnova dunavskih sedimenata: prema implementaciji i pove\u0107anju odr\u017eivog upravljanja sedimentima u dunavskom slivu \u2013 DANSERProgram: Obzor EUROPA Ukupan prora\u010dun projekta: 9.148.028,75 EUR Prora\u010dun CEKOM: 123.312,50 EUR Stopa sufinanciranja: 100% DANSER predstavlja multidisciplinarni holisti\u010dki i znanstveno utemeljen pristup usmjeren na sljev rijeke Dunav, ali osjetljivog ekosustava suo\u010denog s klimatskim promjenama i ljudskim utjecajima. [&hellip;]<\/p>","protected":false},"author":1,"featured_media":0,"parent":0,"menu_order":0,"comment_status":"closed","ping_status":"closed","template":"","meta":{"_et_pb_use_builder":"on","_et_pb_old_content":"","_et_gb_content_width":"","footnotes":""},"class_list":["post-8887","page","type-page","status-publish","hentry"],"aioseo_notices":[],"_links":{"self":[{"href":"https:\/\/www.cekom.hr\/en\/wp-json\/wp\/v2\/pages\/8887","targetHints":{"allow":["GET"]}}],"collection":[{"href":"https:\/\/www.cekom.hr\/en\/wp-json\/wp\/v2\/pages"}],"about":[{"href":"https:\/\/www.cekom.hr\/en\/wp-json\/wp\/v2\/types\/page"}],"author":[{"embeddable":true,"href":"https:\/\/www.cekom.hr\/en\/wp-json\/wp\/v2\/users\/1"}],"replies":[{"embeddable":true,"href":"https:\/\/www.cekom.hr\/en\/wp-json\/wp\/v2\/comments?post=8887"}],"version-history":[{"count":8,"href":"https:\/\/www.cekom.hr\/en\/wp-json\/wp\/v2\/pages\/8887\/revisions"}],"predecessor-version":[{"id":9213,"href":"https:\/\/www.cekom.hr\/en\/wp-json\/wp\/v2\/pages\/8887\/revisions\/9213"}],"wp:attachment":[{"href":"https:\/\/www.cekom.hr\/en\/wp-json\/wp\/v2\/media?parent=8887"}],"curies":[{"name":"wp","href":"https:\/\/api.w.org\/{rel}","templated":true}]}}