{"id":8331,"date":"2025-01-08T11:46:59","date_gmt":"2025-01-08T10:46:59","guid":{"rendered":"https:\/\/www.cekom.hr\/?page_id=8331"},"modified":"2025-01-08T12:21:23","modified_gmt":"2025-01-08T11:21:23","slug":"fular","status":"publish","type":"page","link":"https:\/\/www.cekom.hr\/en\/fular\/","title":{"rendered":"Projekt FULAR"},"content":{"rendered":"<p>[et_pb_section fb_built=&#8221;1&#8243; admin_label=&#8221;Header&#8221; _builder_version=&#8221;4.27.3&#8243; _module_preset=&#8221;default&#8221; background_color=&#8221;#e9edf4&#8243; use_background_color_gradient=&#8221;on&#8221; background_color_gradient_direction=&#8221;90deg&#8221; background_color_gradient_stops=&#8221;#ffffff 42%|rgba(255,255,255,0) 100%&#8221; background_color_gradient_overlays_image=&#8221;on&#8221; background_image=&#8221;https:\/\/www.cekom.hr\/wp-content\/uploads\/2025\/01\/Picture1-\u2013-kopija.png&#8221; background_size=&#8221;initial&#8221; background_position=&#8221;center_right&#8221; min_height=&#8221;25em&#8221; custom_margin=&#8221;||||false|false&#8221; custom_padding=&#8221;||||false|false&#8221; background_last_edited=&#8221;on|tablet&#8221; background_color_gradient_direction_phone=&#8221;180deg&#8221; background_size_tablet=&#8221;contain&#8221; background_size_phone=&#8221;contain&#8221; background_position_tablet=&#8221;top_center&#8221; background_position_phone=&#8221;bottom_center&#8221; locked=&#8221;off&#8221; global_colors_info=&#8221;{}&#8221;][et_pb_row _builder_version=&#8221;4.16&#8243; _module_preset=&#8221;default&#8221; global_colors_info=&#8221;{}&#8221;][et_pb_column type=&#8221;4_4&#8243; _builder_version=&#8221;4.16&#8243; _module_preset=&#8221;default&#8221; custom_padding=&#8221;80px||||false|false&#8221; custom_padding_tablet=&#8221;&#8221; custom_padding_phone=&#8221;0px||||false|false&#8221; custom_padding_last_edited=&#8221;on|phone&#8221; global_colors_info=&#8221;{}&#8221;][et_pb_text _builder_version=&#8221;4.27.0&#8243; _module_preset=&#8221;e864d11f-3dab-4fa3-ac06-4f0e1a260807&#8243; header_font=&#8221;Oswald|500|||||||&#8221; header_text_color=&#8221;#78C24F&#8221; header_font_size=&#8221;3vw&#8221; header_letter_spacing=&#8221;1px&#8221; header_line_height=&#8221;1.2em&#8221; width=&#8221;50%&#8221; width_tablet=&#8221;60%&#8221; width_phone=&#8221;100%&#8221; width_last_edited=&#8221;on|phone&#8221; custom_margin=&#8221;-3em||0px||false|false&#8221; header_font_size_tablet=&#8221;40px&#8221; header_font_size_phone=&#8221;24px&#8221; header_font_size_last_edited=&#8221;on|desktop&#8221; locked=&#8221;off&#8221; global_colors_info=&#8221;{}&#8221;]<\/p>\n<h2 class=\"av-special-heading-tag\" itemprop=\"headline\" style=\"text-align: left;\"><strong>Interreg VI-B IPA Adriatic Ionian<\/strong><\/h2>\n<h1 class=\"av-special-heading-tag\" itemprop=\"headline\" style=\"text-align: left;\">FULAR<\/h1>\n<div class=\"special-heading-border\"><\/div>\n<p>[\/et_pb_text][\/et_pb_column][\/et_pb_row][\/et_pb_section][et_pb_section fb_built=&#8221;1&#8243; _builder_version=&#8221;4.24.0&#8243; _module_preset=&#8221;default&#8221; use_background_color_gradient=&#8221;on&#8221; background_color_gradient_stops=&#8221;#e9edf4 0%|#ffffff 30%&#8221; global_colors_info=&#8221;{}&#8221;][et_pb_row _builder_version=&#8221;4.24.0&#8243; _module_preset=&#8221;default&#8221; global_colors_info=&#8221;{}&#8221;][et_pb_column type=&#8221;4_4&#8243; _builder_version=&#8221;4.24.0&#8243; _module_preset=&#8221;default&#8221; global_colors_info=&#8221;{}&#8221;][et_pb_text _builder_version=&#8221;4.27.0&#8243; _module_preset=&#8221;default&#8221; global_colors_info=&#8221;{}&#8221;]<\/p>\n<h1 class=\"av-special-heading-tag\" itemprop=\"headline\" style=\"text-align: left;\"><strong>Shaping New Paths Towards Circularity in Furniture (FULAR) \u2013 Interreg VI-B IPA Adriatic Ionian<\/strong><\/h1>\n<p>[\/et_pb_text][et_pb_text _builder_version=&#8221;4.24.0&#8243; _module_preset=&#8221;default&#8221; text_font=&#8221;Poppins||||||||&#8221; text_text_color=&#8221;rgba(0,0,0,0.55)&#8221; text_font_size=&#8221;16px&#8221; link_text_color=&#8221;#0082C8&#8243; global_colors_info=&#8221;{}&#8221;]<\/p>\n<p><strong>Project description: <\/strong>:<\/p>\n<p>The FULAR project focuses on promoting sustainability and circularity in the furniture sector within the IPA ADRION region, covering countries such as Greece, Italy, Albania, Bosnia and Herzegovina, Serbia, Slovenia, and Croatia. Its main goal is to support small and medium-sized enterprises (SMEs) in adopting greener and more circular production practices and facilitating their alignment with EU sustainable development strategies.<\/p>\n<p>FULAR activities include researching the perception of circular approaches among SMEs and consumers, analyzing best practices, identifying sustainable materials (local wood, secondary raw materials, and post-consumer waste), and exploring innovative and cost-effective technologies for furniture production. The project will organize a circular design competition and three international workshops on material engineering to develop and test new solutions that promote sustainability.<\/p>\n<p>Prototypes of winning design solutions will showcase the practical application of innovations, while the \"Beyond FULAR\" plan will ensure broad dissemination and transfer of project results. Target groups include SMEs, academic institutions, policymakers, consumers, sectoral agencies, and other stakeholders.<\/p>\n<p>The project promotes transnational collaboration, result capitalization, and sustainable development of the furniture sector, delivering concrete and transferable solutions that contribute to a greener economy in the Adriatic-Ionian region and beyond.<span><\/span><span><\/span><span><\/span><\/p>\n<p><strong>Objective: <\/strong>To improve the implementation of circular economy principles in furniture production processes, raise awareness among key sectoral actors in the Adriatic-Ionian region regarding sustainability, alternative materials, technologies, and assembly techniques, and encourage circular solutions in the wood industry. Developing furniture prototypes using pre-selected alternative materials aims to further promote circular approaches.<\/p>\n<p><strong><\/strong><\/p>\n<p><strong><\/strong><\/p>\n<p><b>Main Expected Results of the FULAR Project:<\/b><\/p>\n<ul>\n<li>\n<p>A joint strategy defining the strategic plan and shared goals for implementing a circular economy in the furniture production sector, based on identified needs, priorities, and opportunities.<\/p>\n<\/li>\n<li>\n<p><span style=\"font-size: 16px;\">Practical guidelines for implementing a circular economy in the furniture production sector.<\/span><\/p>\n<\/li>\n<li>\n<p><span style=\"font-size: 16px;\"><\/span><span style=\"font-size: 16px;\">Three furniture prototypes produced and tested to demonstrate the use of alternative materials.<\/span><\/p>\n<\/li>\n<li>\n<p><span style=\"font-size: 16px;\"><\/span><span style=\"font-size: 16px;\">Analysis of collected data from project activities, presenting a comprehensive summary of project results (dissemination strategy, assessment of green transition impact and economic opportunities, replication of the FULAR strategy and pilot activities).<\/span><span style=\"font-size: 16px;\">\u00a0<\/span><\/p>\n<\/li>\n<\/ul>\n<p><strong><\/strong><\/p>\n<p><strong>Project Budget:<\/strong> 1.440.167,75 EUR<\/p>\n<p><strong>Total Interreg IPA Adrion Program Co-financing<\/strong> 1.224.142,54 EUR<\/p>\n<p><strong>Co-financing Rate:<\/strong> 85%<\/p>\n<p><strong>CEKOM Budget:<\/strong> 130.974,69 EUR<\/p>\n<p><strong>Project Duration: <\/strong>36 months (01\/09\/2024 \u2013 31\/08\/2027)<\/p>\n<p><strong>\u00a0<\/strong><\/p>\n<p><strong>Lead partner:<\/strong> <a href=\"https:\/\/www.uth.gr\/en\">University of Thessaly \u2013 Special account of research grants, Department of Forestry, Wood sciences &amp; Design<\/a><\/p>\n<p><strong>Partners: <\/strong><a href=\"https:\/\/profile.clustercollaboration.eu\/profile\/cluster-organisation\/bfab3910-745b-4c7b-a8d3-53f23c6b7acc\">FVG Wood Furniture Home Cluster (Italy)<\/a>, <a href=\"https:\/\/www.lesarski-grozd.si\/en\/\">Wood Industry Cluster (Slovenia)<\/a>, <a href=\"https:\/\/razvojnaagencija.predaprijedor.com\/\">Development Agency of City of Prijedor \u201cPREDA\u201d (BiH)<\/a>, <a href=\"https:\/\/www.gozdis.si\/en\/\">Slovenian Forestry Institute (Slovenia)<\/a>, <a href=\"https:\/\/woodcluster.al\/\">Wood Industry Cluster (Albania)<\/a>, <a href=\"https:\/\/www.sfb.bg.ac.rs\/\">University of Belgrade \u2013 Faculty of Forestry (Serbia)<\/a>, <a href=\"https:\/\/www.drvniklaster.hr\/\">Croatian Wood Cluster (Croatia)<\/a>, <a href=\"https:\/\/www.iuav.it\/it\">Universita\u2019 IUAV Di Venezia (Italy)<\/a> and <a href=\"\/en\/www.cekom.hr\/\">Competence centre Ltd. for research and development (Croatia)<\/a>.<\/p>\n<p><strong><\/strong><\/p>\n<p><strong>CEKOM Activities<\/strong><\/p>\n<p>During the implementation of the FULAR project, CEKOM actively participates in all key work packages as well as in project management and communication activities:<\/p>\n<p><strong>WP1: State of the art analysis<\/strong><\/p>\n<ul>\n<li>Conducting surveys with SMEs and consumers and analyzing success stories (A1.2, A1.3).<\/li>\n<li>Contributing to the development of a transnational strategy to promote the green economy in the furniture sector (A1.4).<\/li>\n<\/ul>\n<p><strong>WP2: Preparatory work towards circular models\u2019 integration in furniture<\/strong><\/p>\n<ul>\n<li>Identifying sustainable materials (A2.2) and reviewing cost-effective technologies. Developing guidelines for circular production in the furniture sector (A2.3).<\/li>\n<\/ul>\n<p><strong>WP3: Materials Engineering International Workshops<\/strong><\/p>\n<ul>\n<li>Organizing the international \"Green Challenge\" design competition and participating in a material engineering workshop (A3.2, A3.3).<\/li>\n<li>Disseminating project results and promoting practical application (A3.4).<\/li>\n<\/ul>\n<p>CEKOM contributes to the development of sustainable solutions and the strengthening of circularity in the furniture production sector.<\/p>\n<p>&nbsp;<\/p>\n<p><strong><\/strong><\/p>\n<p>Official Programme Website: <span><a href=\"https:\/\/www.interreg-ipa-adrion.eu\/\">https:\/\/www.interreg-ipa-adrion.eu\/<\/a><a href=\"https:\/\/interreg-croatia-serbia.eu\/\"> <\/a><a href=\"https:\/\/interreg-croatia-serbia.eu\/\"><\/a><\/span><\/p>\n<p><span><\/span><\/p>\n<p><strong><\/strong><\/p>\n<p><strong>Disclaimer:<\/strong><\/p>\n<p>The responsibility for the content of this project subpage lies with the project partner. Contact information for the project partner can be found in the \u201cContacts\u201d section. The Interreg IPA Adrion program authorities are not responsible for any information contained herein.<\/p>\n<p>&nbsp;<\/p>\n<p>[\/et_pb_text][et_pb_image src=&#8221;https:\/\/www.cekom.hr\/wp-content\/uploads\/2025\/01\/Picture1-\u2013-kopija.png&#8221; title_text=&#8221;Picture1 \u2013 kopija&#8221; _builder_version=&#8221;4.27.3&#8243; _module_preset=&#8221;default&#8221; global_colors_info=&#8221;{}&#8221;][\/et_pb_image][\/et_pb_column][\/et_pb_row][\/et_pb_section][et_pb_section fb_built=&#8221;1&#8243; _builder_version=&#8221;4.27.3&#8243; _module_preset=&#8221;default&#8221; global_colors_info=&#8221;{}&#8221;][\/et_pb_section]<\/p>","protected":false},"excerpt":{"rendered":"<p>Interreg VI-B IPA Adriatic Ionian FULAR Oblikovanje novih smjerova prema cirkularnosti namje\u0161taja (FULAR) &#8211; Interreg VI-B IPA Adriatic IonianOpis projekta : Projekt FULAR usmjeren je na poticanje odr\u017eivosti i kru\u017enosti u sektoru namje\u0161taja u IPA ADRION regiji, uklju\u010duju\u0107i zemlje poput Gr\u010dke, Italije, Albanije, Bosne i Hercegovine, Srbije, Slovenije i Hrvatske. Glavni cilj projekta je podr\u017eati [&hellip;]<\/p>","protected":false},"author":1,"featured_media":0,"parent":0,"menu_order":0,"comment_status":"closed","ping_status":"closed","template":"","meta":{"_et_pb_use_builder":"on","_et_pb_old_content":"","_et_gb_content_width":"","footnotes":""},"class_list":["post-8331","page","type-page","status-publish","hentry"],"aioseo_notices":[],"_links":{"self":[{"href":"https:\/\/www.cekom.hr\/en\/wp-json\/wp\/v2\/pages\/8331","targetHints":{"allow":["GET"]}}],"collection":[{"href":"https:\/\/www.cekom.hr\/en\/wp-json\/wp\/v2\/pages"}],"about":[{"href":"https:\/\/www.cekom.hr\/en\/wp-json\/wp\/v2\/types\/page"}],"author":[{"embeddable":true,"href":"https:\/\/www.cekom.hr\/en\/wp-json\/wp\/v2\/users\/1"}],"replies":[{"embeddable":true,"href":"https:\/\/www.cekom.hr\/en\/wp-json\/wp\/v2\/comments?post=8331"}],"version-history":[{"count":15,"href":"https:\/\/www.cekom.hr\/en\/wp-json\/wp\/v2\/pages\/8331\/revisions"}],"predecessor-version":[{"id":8658,"href":"https:\/\/www.cekom.hr\/en\/wp-json\/wp\/v2\/pages\/8331\/revisions\/8658"}],"wp:attachment":[{"href":"https:\/\/www.cekom.hr\/en\/wp-json\/wp\/v2\/media?parent=8331"}],"curies":[{"name":"wp","href":"https:\/\/api.w.org\/{rel}","templated":true}]}}