{"id":7015,"date":"2024-01-23T20:35:34","date_gmt":"2024-01-23T20:35:34","guid":{"rendered":"http:\/\/www.cekom.hr\/?page_id=7015"},"modified":"2024-08-07T08:32:22","modified_gmt":"2024-08-07T06:32:22","slug":"cjelozivotno-ucenje","status":"publish","type":"page","link":"https:\/\/www.cekom.hr\/en\/cjelozivotno-ucenje\/","title":{"rendered":"Lifelong Learning"},"content":{"rendered":"<p>[et_pb_section fb_built=&#8221;1&#8243; admin_label=&#8221;Header&#8221; _builder_version=&#8221;4.24.0&#8243; _module_preset=&#8221;default&#8221; background_color=&#8221;#e9edf4&#8243; use_background_color_gradient=&#8221;on&#8221; background_color_gradient_direction=&#8221;90deg&#8221; background_color_gradient_stops=&#8221;#ffffff 42%|rgba(255,255,255,0) 100%&#8221; background_color_gradient_overlays_image=&#8221;on&#8221; background_image=&#8221;http:\/\/www.cekom.hr\/wp-content\/uploads\/2024\/01\/Slika-za-naslovnu-projekta.jpg&#8221; background_size=&#8221;initial&#8221; background_position=&#8221;center_right&#8221; min_height=&#8221;22em&#8221; custom_margin=&#8221;||||false|false&#8221; custom_padding=&#8221;||||false|false&#8221; background_last_edited=&#8221;on|phone&#8221; background_color_gradient_direction_phone=&#8221;180deg&#8221; background_size_tablet=&#8221;contain&#8221; background_size_phone=&#8221;contain&#8221; background_position_tablet=&#8221;top_center&#8221; background_position_phone=&#8221;bottom_center&#8221; locked=&#8221;off&#8221; global_colors_info=&#8221;{}&#8221;][et_pb_row _builder_version=&#8221;4.16&#8243; _module_preset=&#8221;default&#8221; global_colors_info=&#8221;{}&#8221;][et_pb_column type=&#8221;4_4&#8243; _builder_version=&#8221;4.16&#8243; _module_preset=&#8221;default&#8221; custom_padding=&#8221;80px||||false|false&#8221; custom_padding_tablet=&#8221;&#8221; custom_padding_phone=&#8221;0px||||false|false&#8221; custom_padding_last_edited=&#8221;on|phone&#8221; global_colors_info=&#8221;{}&#8221;][et_pb_text _builder_version=&#8221;4.24.0&#8243; _module_preset=&#8221;e864d11f-3dab-4fa3-ac06-4f0e1a260807&#8243; header_font=&#8221;Oswald|500|||||||&#8221; header_text_color=&#8221;#78C24F&#8221; header_font_size=&#8221;3vw&#8221; header_letter_spacing=&#8221;1px&#8221; header_line_height=&#8221;1.2em&#8221; width=&#8221;50%&#8221; width_tablet=&#8221;60%&#8221; width_phone=&#8221;100%&#8221; width_last_edited=&#8221;on|desktop&#8221; custom_margin=&#8221;||0px||false|false&#8221; custom_margin_tablet=&#8221;||0px||false|false&#8221; custom_margin_phone=&#8221;-3em||||false|false&#8221; custom_margin_last_edited=&#8221;on|phone&#8221; header_font_size_tablet=&#8221;40px&#8221; header_font_size_phone=&#8221;24px&#8221; header_font_size_last_edited=&#8221;on|desktop&#8221; locked=&#8221;off&#8221; global_colors_info=&#8221;{}&#8221;]<\/p>\n<h1>Undergraduate professional study Wood technology<\/h1>\n<p>[\/et_pb_text][\/et_pb_column][\/et_pb_row][\/et_pb_section][et_pb_section fb_built=&#8221;1&#8243; _builder_version=&#8221;4.24.0&#8243; _module_preset=&#8221;default&#8221; use_background_color_gradient=&#8221;on&#8221; background_color_gradient_stops=&#8221;#e9edf4 0%|#ffffff 30%&#8221; global_colors_info=&#8221;{}&#8221;][et_pb_row _builder_version=&#8221;4.24.0&#8243; _module_preset=&#8221;default&#8221; global_colors_info=&#8221;{}&#8221;][et_pb_column type=&#8221;4_4&#8243; _builder_version=&#8221;4.24.0&#8243; _module_preset=&#8221;default&#8221; hover_enabled=&#8221;0&#8243; global_colors_info=&#8221;{}&#8221; sticky_enabled=&#8221;0&#8243;][et_pb_text _builder_version=&#8221;4.27.0&#8243; _module_preset=&#8221;default&#8221; text_font=&#8221;Poppins||||||||&#8221; text_text_color=&#8221;rgba(0,0,0,0.55)&#8221; text_font_size=&#8221;16px&#8221; link_text_color=&#8221;#0082C8&#8243; custom_padding=&#8221;||0px|||&#8221; hover_enabled=&#8221;0&#8243; global_colors_info=&#8221;{}&#8221; sticky_enabled=&#8221;0&#8243;]<\/p>\n<h4><strong>About:<\/strong><\/h4>\n<p>At the end of the undergraduate studies, the student is issued a certificate that determines the completion of the studies and the acquisition of the title according to the study field: professional\/professional bachelor's degree\/bachelor's degree in wood technology.<\/p>\n<p>The professional study of wood technology provides basic knowledge from a wide range of technical and natural sciences as well as professional knowledge and skills required by the modern development of wood industry companies. Wood is a challenging, diverse and renewable natural material that represents an important potential of the Croatian economy. The use of new technologies increases production efficiency and makes the wood industry profitable. Due to its raw material base, the Republic of Croatia has real opportunities to increase the production of wood products, all with the aim of increasing the sale and export of final wood products and reducing the import of final wood products.<\/p>\n<p><strong>Competencies<\/strong> Fundamentals of engineering (mathematics, physics, chemistry), fundamentals of knowledge of materials (anatomy of wood, use of wood, other materials), fundamentals of technological properties and processes (technological processes in wood processing and furniture production), computers and the application of computers in production (informatics, CAD , CAM, CAP, CIM, NU...), organization and economics (integration of knowledge for middle management in companies for wood processing and furniture production).<\/p>\n<p><strong>Qualifications<\/strong> A professional bachelor's degree in wood technology will be trained to manage production in all stages of processing and the technological process, to work in production preparation, production planning, product and production quality control. They will have special knowledge in the application of computers in designing, scheduling production, and introducing and programming complex processes with computer support. The jobs of a professional bachelor's degree in wood technology do not coincide with the jobs of a bachelor's and master's degree in wood technology.<\/p>\n<p>Applicants to the professional study of wood technology will be allowed horizontal mobility within the field of biotechnical sciences and between European universities with which the University of Zagreb or the Faculty of Forestry and Wood Technology has signed a cooperation agreement.<\/p>\n<p>Studij zavr\u0161ava prikupljanjem 180 ECTS bodova odnosno polaganjem svih propisanih ispita, obavljenom stru\u010dnom praksom te izra\u0111enim zavr\u0161nim radom u obliku individualnoga pisanog rada.<\/p>\n<p>Source: <a href=\"https:\/\/www.sumfak.unizg.hr\/hr\/studiji\/studij-drvne-tehnologije\/preddiplomski-strucni-studij\/\">https:\/\/www.sumfak.unizg.hr\/hr\/studiji\/studij-drvne-tehnologije\/preddiplomski-strucni-studij\/<\/a><\/p>\n<p><a href=\"https:\/\/vusz.hr\/\">Vukovar-Srijem County<\/a>, <a href=\"https:\/\/grad-vinkovci.hr\/hr\">Grad Vinkovci<\/a> and <a href=\"https:\/\/www.cekom.hr\/en\/\">Centar kompetencija VS\u017d<\/a> su sa <a href=\"https:\/\/www.sumfak.unizg.hr\/\">Fakultetom \u0161umarstva i drvne tehnologije Sveu\u010dili\u0161ta u Zagrebu<\/a> signed <strong>Arrangment<\/strong> and <strong>Agreement on the launch of the dislocated undergraduate professional study of wood technology at the Faculty of Forestry and Wood Technology of the University of Zagreb (F\u0160DT)<\/strong>, from the academic year 2020\/2021. in Vinkovci. The Vukovar-Srijem County and the City of Vinkovci co-finance the F\u0160DT dislocated professional study, and the VS\u017d Competence Center is in charge of organizing practical classes at the locations of local companies that have expressed interest.<\/p>\n<p>In conclusion with the academic year 2022\/2023. 98 students are enrolled in the undergraduate professional study of Wood Technology.<\/p>\n<p><strong>STUDENT OFFICE CONTACT\u00a0<\/strong><\/p>\n<h3><\/h3>\n<p><strong>Danijela Pir\u0161ljin Bunjev\u010devi\u0107<\/strong>Head of Student Office<\/p>\n<p>tel.:<span>\u00a0<\/span>+385 1 2352 400<\/p>\n<p>fax.: <span style=\"color: rgba(0, 0, 0, 0.55);\">+385 1 2352\u00a0496<\/span><\/p>\n<p>e-mail: <a href=\"mailto:studref@sumfak.hr\">studref@sumfak.hr<\/a><\/p>\n<p>e-mail:\u00a0<a href=\"mailto:dpirsljin@sumfak.hr\">dpirsljin@sumfak.hr<\/a><\/p>\n<p><strong>Nermina Nuhi\u0107<\/strong><\/p>\n<p>tel: <span style=\"color: rgba(0, 0, 0, 0.55);\">+385 1 235 2575<\/span><br \/>email:\u00a0<a href=\"mailto:nnuhic@sumfak.hr\">nnuhic@sumfak.hr<\/a><span>\u00a0<\/span><\/p>\n<p><strong>Mirjana Pr\u0161a<\/strong>, specialist in the Student Office<\/p>\n<p>tel.:<span>\u00a0<\/span><a href=\"tel:+38512352516\"><span style=\"color: rgba(0, 0, 0, 0.55);\">+385 1 2352 516<\/span><\/a><\/p>\n<p>e-mail:<span>\u00a0<\/span><a href=\"mailto:mprsa@sumfak.hr\">mprsa@sumfak.hr<\/a><\/p>\n<div id=\"simple-translate\" class=\"simple-translate-system-theme\">\n<div>\n<div style=\"background-image: url('moz-extension:\/\/a3ab8d23-cb6c-4e68-a31c-3a18384d533d\/icons\/512.png'); height: 22px; width: 22px; top: 1729px; left: 274px;\" class=\"simple-translate-button isShow\"><\/div>\n<div class=\"simple-translate-panel\" style=\"width: 300px; height: 200px; top: 0px; left: 0px; font-size: 13px;\">\n<div class=\"simple-translate-result-wrapper\" style=\"overflow: hidden;\">\n<div class=\"simple-translate-move\" draggable=\"true\"><\/div>\n<div class=\"simple-translate-result-contents\">\n<p class=\"simple-translate-result\" dir=\"auto\">\n<p class=\"simple-translate-candidate\" dir=\"auto\">\n<\/div>\n<\/div>\n<\/div>\n<\/div>\n<\/div>\n<p>[\/et_pb_text][\/et_pb_column][\/et_pb_row][\/et_pb_section]<\/p>","protected":false},"excerpt":{"rendered":"<p>Preddiplomski stru\u010dni studij Drvna tehnologijaO studiju: Zavr\u0161etkom preddiplomskog studija studentu se izdaje svjedod\u017eba kojom se utvr\u0111uje zavr\u0161etak studija i stjecanje naziva prema studijskom smjeru: stru\u010dni\/stru\u010dna prvostupnik\/prvostupnica drvne tehnologije. Stru\u010dni studij drvne tehnologije daje temeljna znanja iz \u0161irokog podru\u010dja tehni\u010dkih i prirodnih znanosti te stru\u010dna znanja i vje\u0161tine \u0161to ih zahtijeva suvremeni razvoj drvnoindustrijskih poduze\u0107a. Drvo [&hellip;]<\/p>","protected":false},"author":1,"featured_media":0,"parent":0,"menu_order":0,"comment_status":"closed","ping_status":"closed","template":"","meta":{"_et_pb_use_builder":"on","_et_pb_old_content":"","_et_gb_content_width":"","footnotes":""},"class_list":["post-7015","page","type-page","status-publish","hentry"],"aioseo_notices":[],"_links":{"self":[{"href":"https:\/\/www.cekom.hr\/en\/wp-json\/wp\/v2\/pages\/7015","targetHints":{"allow":["GET"]}}],"collection":[{"href":"https:\/\/www.cekom.hr\/en\/wp-json\/wp\/v2\/pages"}],"about":[{"href":"https:\/\/www.cekom.hr\/en\/wp-json\/wp\/v2\/types\/page"}],"author":[{"embeddable":true,"href":"https:\/\/www.cekom.hr\/en\/wp-json\/wp\/v2\/users\/1"}],"replies":[{"embeddable":true,"href":"https:\/\/www.cekom.hr\/en\/wp-json\/wp\/v2\/comments?post=7015"}],"version-history":[{"count":0,"href":"https:\/\/www.cekom.hr\/en\/wp-json\/wp\/v2\/pages\/7015\/revisions"}],"wp:attachment":[{"href":"https:\/\/www.cekom.hr\/en\/wp-json\/wp\/v2\/media?parent=7015"}],"curies":[{"name":"wp","href":"https:\/\/api.w.org\/{rel}","templated":true}]}}