{"id":6862,"date":"2024-01-23T12:57:31","date_gmt":"2024-01-23T12:57:31","guid":{"rendered":"http:\/\/www.cekom.hr\/?page_id=6862"},"modified":"2025-06-04T11:03:06","modified_gmt":"2025-06-04T09:03:06","slug":"uredaj-za-lasersko-rezanje-i-graviranje","status":"publish","type":"page","link":"https:\/\/www.cekom.hr\/en\/uredaj-za-lasersko-rezanje-i-graviranje\/","title":{"rendered":"Laser cutting and engraving machine"},"content":{"rendered":"<p>[et_pb_section fb_built=&#8221;1&#8243; admin_label=&#8221;Header&#8221; _builder_version=&#8221;4.24.0&#8243; _module_preset=&#8221;default&#8221; background_color=&#8221;#e9edf4&#8243; use_background_color_gradient=&#8221;on&#8221; background_color_gradient_direction=&#8221;90deg&#8221; background_color_gradient_stops=&#8221;#ffffff 71%|#0082c8 71%&#8221; background_color_gradient_overlays_image=&#8221;on&#8221; background_enable_image=&#8221;off&#8221; background_size=&#8221;contain&#8221; background_position=&#8221;center_right&#8221; custom_margin=&#8221;||||false|false&#8221; custom_padding=&#8221;||||false|false&#8221; background_last_edited=&#8221;on|tablet&#8221; background_color_gradient_direction_phone=&#8221;180deg&#8221; background_size_tablet=&#8221;contain&#8221; background_size_phone=&#8221;contain&#8221; background_position_tablet=&#8221;top_center&#8221; background_position_phone=&#8221;bottom_center&#8221; locked=&#8221;off&#8221; global_colors_info=&#8221;{}&#8221;][et_pb_row _builder_version=&#8221;4.16&#8243; _module_preset=&#8221;default&#8221; global_colors_info=&#8221;{}&#8221;][et_pb_column type=&#8221;4_4&#8243; _builder_version=&#8221;4.16&#8243; _module_preset=&#8221;default&#8221; custom_padding=&#8221;80px||||false|false&#8221; custom_padding_tablet=&#8221;&#8221; custom_padding_phone=&#8221;0px||||false|false&#8221; custom_padding_last_edited=&#8221;on|phone&#8221; global_colors_info=&#8221;{}&#8221;][et_pb_text _builder_version=&#8221;4.24.0&#8243; _module_preset=&#8221;e864d11f-3dab-4fa3-ac06-4f0e1a260807&#8243; header_font=&#8221;Oswald|500|||||||&#8221; header_text_color=&#8221;#78C24F&#8221; header_font_size=&#8221;3vw&#8221; header_letter_spacing=&#8221;1px&#8221; header_line_height=&#8221;1.2em&#8221; width=&#8221;50%&#8221; width_tablet=&#8221;60%&#8221; width_phone=&#8221;100%&#8221; width_last_edited=&#8221;on|phone&#8221; custom_margin=&#8221;-3em||0px||false|false&#8221; header_font_size_tablet=&#8221;40px&#8221; header_font_size_phone=&#8221;24px&#8221; header_font_size_last_edited=&#8221;on|desktop&#8221; locked=&#8221;off&#8221; global_colors_info=&#8221;{}&#8221;]<\/p>\n<h1 class=\"av-special-heading-tag\" itemprop=\"headline\"><span>Laser cutting and engraving machine<\/span><\/h1>\n<div class=\"special-heading-border\"><\/div>\n<p>[\/et_pb_text][\/et_pb_column][\/et_pb_row][\/et_pb_section][et_pb_section fb_built=&#8221;1&#8243; _builder_version=&#8221;4.24.0&#8243; _module_preset=&#8221;default&#8221; use_background_color_gradient=&#8221;on&#8221; background_color_gradient_stops=&#8221;#e9edf4 0%|#ffffff 30%&#8221; global_colors_info=&#8221;{}&#8221;][et_pb_row column_structure=&#8221;3_5,2_5&#8243; make_equal=&#8221;on&#8221; _builder_version=&#8221;4.24.0&#8243; _module_preset=&#8221;default&#8221; global_colors_info=&#8221;{}&#8221;][et_pb_column type=&#8221;3_5&#8243; _builder_version=&#8221;4.24.0&#8243; _module_preset=&#8221;default&#8221; global_colors_info=&#8221;{}&#8221;][et_pb_text _builder_version=&#8221;4.27.0&#8243; _module_preset=&#8221;default&#8221; text_font=&#8221;Poppins||||||||&#8221; text_text_color=&#8221;rgba(0,0,0,0.55)&#8221; text_font_size=&#8221;16px&#8221; link_text_color=&#8221;#0082C8&#8243; global_colors_info=&#8221;{}&#8221;]<\/p>\n<p><strong>Technical specications<\/strong><\/p>\n<ul>\n<li>Laser engraving and cutting with exceptional precision and level of detail<\/li>\n<li>Applicable to non-metal materials such as wood, acrylic sheets (plexiglass), felt, nonwoven fabric (TNT), leather, textiles, hard plastics, ceramics, ABS sheets, stamp rubber, cardboard, paper, and more<\/li>\n<li>100 W CO2 laser tube power<\/li>\n<li>Working area of 1600 \u00d7 1000 mm<\/li>\n<li>Cutting speed up to 200 mm\/s<\/li>\n<li>Engraving speed up to 400 mm\/s<\/li>\n<li>Precision of 0.01 mm<\/li>\n<\/ul>\n<p>[\/et_pb_text][\/et_pb_column][et_pb_column type=&#8221;2_5&#8243; _builder_version=&#8221;4.24.0&#8243; _module_preset=&#8221;default&#8221; custom_css_main_element=&#8221;align-self: center;&#8221; global_colors_info=&#8221;{}&#8221;][et_pb_image src=&#8221;http:\/\/www.cekom.hr\/wp-content\/uploads\/2024\/01\/Gravirka1-scaled-1.jpg&#8221; title_text=&#8221;Gravirka1-scaled&#8221; show_in_lightbox=&#8221;on&#8221; _builder_version=&#8221;4.27.0&#8243; _module_preset=&#8221;default&#8221; width=&#8221;100%&#8221; global_colors_info=&#8221;{}&#8221;][\/et_pb_image][\/et_pb_column][\/et_pb_row][\/et_pb_section]<\/p>","protected":false},"excerpt":{"rendered":"<p>Ure\u0111aj za lasersko rezanje i graviranje Tehni\u010dke specifikacije Lasersko graviranje i rezanje sa izuzetnom precizno\u0161\u0107u i razinom detalja Mogu\u0107nost primjene na nemetalima kao \u0161to su drvo, akrilne plo\u010de (pleksiglas), filc, TNT, ko\u017ea, tekstil, tvrda plastika, keramika, ABS plo\u010de, gume za \u0161tambilje, karton, papir, \u2026 Snaga CO2 laserske cijevi od 100 W Radne povr\u0161ina od 1600 [&hellip;]<\/p>","protected":false},"author":1,"featured_media":0,"parent":0,"menu_order":0,"comment_status":"closed","ping_status":"closed","template":"","meta":{"_et_pb_use_builder":"on","_et_pb_old_content":"<!-- wp:divi\/placeholder \/-->","_et_gb_content_width":"","footnotes":""},"class_list":["post-6862","page","type-page","status-publish","hentry"],"aioseo_notices":[],"_links":{"self":[{"href":"https:\/\/www.cekom.hr\/en\/wp-json\/wp\/v2\/pages\/6862","targetHints":{"allow":["GET"]}}],"collection":[{"href":"https:\/\/www.cekom.hr\/en\/wp-json\/wp\/v2\/pages"}],"about":[{"href":"https:\/\/www.cekom.hr\/en\/wp-json\/wp\/v2\/types\/page"}],"author":[{"embeddable":true,"href":"https:\/\/www.cekom.hr\/en\/wp-json\/wp\/v2\/users\/1"}],"replies":[{"embeddable":true,"href":"https:\/\/www.cekom.hr\/en\/wp-json\/wp\/v2\/comments?post=6862"}],"version-history":[{"count":1,"href":"https:\/\/www.cekom.hr\/en\/wp-json\/wp\/v2\/pages\/6862\/revisions"}],"predecessor-version":[{"id":9011,"href":"https:\/\/www.cekom.hr\/en\/wp-json\/wp\/v2\/pages\/6862\/revisions\/9011"}],"wp:attachment":[{"href":"https:\/\/www.cekom.hr\/en\/wp-json\/wp\/v2\/media?parent=6862"}],"curies":[{"name":"wp","href":"https:\/\/api.w.org\/{rel}","templated":true}]}}