{"id":6819,"date":"2024-01-23T10:58:53","date_gmt":"2024-01-23T10:58:53","guid":{"rendered":"http:\/\/www.cekom.hr\/?page_id=6819"},"modified":"2026-02-25T07:56:07","modified_gmt":"2026-02-25T06:56:07","slug":"istrazivanje-razvoj-i-inovacije","status":"publish","type":"page","link":"https:\/\/www.cekom.hr\/en\/istrazivanje-razvoj-i-inovacije\/","title":{"rendered":"Research, Development and Innovation"},"content":{"rendered":"<p>[et_pb_section fb_built=&#8221;1&#8243; admin_label=&#8221;Header&#8221; _builder_version=&#8221;4.27.4&#8243; _module_preset=&#8221;default&#8221; background_color=&#8221;#e9edf4&#8243; use_background_color_gradient=&#8221;on&#8221; background_color_gradient_direction=&#8221;90deg&#8221; background_color_gradient_stops=&#8221;#ffffff 42%|rgba(255,255,255,0) 100%&#8221; background_color_gradient_overlays_image=&#8221;on&#8221; background_image=&#8221;https:\/\/www.cekom.hr\/wp-content\/uploads\/2026\/02\/Gravirka1-scaled-1.jpg&#8221; custom_margin=&#8221;||||false|false&#8221; custom_padding=&#8221;||||false|false&#8221; hover_enabled=&#8221;0&#8243; background_last_edited=&#8221;on|tablet&#8221; background_size_tablet=&#8221;contain&#8221; background_size_phone=&#8221;contain&#8221; background_position_tablet=&#8221;top_center&#8221; background_position_phone=&#8221;top_right&#8221; locked=&#8221;off&#8221; global_colors_info=&#8221;{}&#8221; title_text=&#8221;Gravirka1-scaled-1&#8243; sticky_enabled=&#8221;0&#8243;][et_pb_row _builder_version=&#8221;4.16&#8243; _module_preset=&#8221;default&#8221; global_colors_info=&#8221;{}&#8221;][et_pb_column type=&#8221;4_4&#8243; _builder_version=&#8221;4.16&#8243; _module_preset=&#8221;default&#8221; custom_padding=&#8221;80px||||false|false&#8221; custom_padding_tablet=&#8221;&#8221; custom_padding_phone=&#8221;0px||||false|false&#8221; custom_padding_last_edited=&#8221;on|phone&#8221; global_colors_info=&#8221;{}&#8221;][et_pb_text _builder_version=&#8221;4.24.0&#8243; _module_preset=&#8221;e864d11f-3dab-4fa3-ac06-4f0e1a260807&#8243; header_font=&#8221;Oswald|500||on|||||&#8221; header_text_color=&#8221;#78C24F&#8221; header_font_size=&#8221;5vw&#8221; header_letter_spacing=&#8221;4px&#8221; header_line_height=&#8221;1.2em&#8221; width=&#8221;66%&#8221; width_tablet=&#8221;66%&#8221; width_phone=&#8221;75%&#8221; width_last_edited=&#8221;on|desktop&#8221; custom_margin=&#8221;||0px||false|false&#8221; header_font_size_tablet=&#8221;40px&#8221; header_font_size_phone=&#8221;24px&#8221; header_font_size_last_edited=&#8221;on|desktop&#8221; locked=&#8221;off&#8221; global_colors_info=&#8221;{}&#8221;]<\/p>\n<h1>Research, Development and Innovation<\/h1>\n<p>[\/et_pb_text][et_pb_button button_url=&#8221;https:\/\/www.cekom.hr\/kontakt\/&#8221; button_text=&#8221;Kontakt&#8221; _builder_version=&#8221;4.27.0&#8243; _module_preset=&#8221;94ef7aca-dcd9-4f9d-93b2-efa3466cebc7&#8243; custom_button=&#8221;on&#8221; button_text_size=&#8221;20px&#8221; button_text_color=&#8221;#000000&#8243; button_bg_color=&#8221;RGBA(255,255,255,0)&#8221; button_border_width=&#8221;0px&#8221; button_border_radius=&#8221;1px&#8221; button_letter_spacing=&#8221;2px&#8221; button_font=&#8221;Oswald|700||on|||||&#8221; button_use_icon=&#8221;off&#8221; custom_margin=&#8221;||||false|false&#8221; custom_margin_tablet=&#8221;|||30%|false|false&#8221; custom_margin_phone=&#8221;|||0%|false|false&#8221; custom_margin_last_edited=&#8221;on|phone&#8221; custom_padding=&#8221;15px|20px|15px|20px|true|true&#8221; custom_padding_tablet=&#8221;15px|20px|15px|20px|true|true&#8221; custom_padding_phone=&#8221;12px||12px||true|true&#8221; custom_padding_last_edited=&#8221;on|phone&#8221; box_shadow_style=&#8221;preset7&#8243; box_shadow_horizontal=&#8221;30px&#8221; box_shadow_vertical=&#8221;0px&#8221; box_shadow_color=&#8221;#0082C7&#8243; global_colors_info=&#8221;{}&#8221; button_text_color__hover=&#8221;#FFFFFF&#8221; button_text_color__hover_enabled=&#8221;on|hover&#8221; box_shadow_horizontal__hover=&#8221;10px&#8221; box_shadow_horizontal__hover_enabled=&#8221;on|hover&#8221; box_shadow_color__hover=&#8221;#0082C7&#8243; box_shadow_color__hover_enabled=&#8221;on|hover&#8221; button_bg_color__hover=&#8221;#0082C7&#8243; button_bg_color__hover_enabled=&#8221;on|hover&#8221;][\/et_pb_button][\/et_pb_column][\/et_pb_row][\/et_pb_section][et_pb_section fb_built=&#8221;1&#8243; module_id=&#8221;zelenilab&#8221; _builder_version=&#8221;4.24.0&#8243; _module_preset=&#8221;default&#8221; use_background_color_gradient=&#8221;on&#8221; background_color_gradient_stops=&#8221;#e9edf4 0%|#ffffff 30%&#8221; global_colors_info=&#8221;{}&#8221;][et_pb_row _builder_version=&#8221;4.24.0&#8243; _module_preset=&#8221;default&#8221; global_colors_info=&#8221;{}&#8221;][et_pb_column type=&#8221;4_4&#8243; _builder_version=&#8221;4.24.0&#8243; _module_preset=&#8221;default&#8221; global_colors_info=&#8221;{}&#8221;][et_pb_text _builder_version=&#8221;4.24.0&#8243; _module_preset=&#8221;default&#8221; text_font=&#8221;Poppins||||||||&#8221; text_font_size=&#8221;16px&#8221; header_font=&#8221;Oswald|600||on|||||&#8221; header_text_color=&#8221;#0082C8&#8243; header_font_size=&#8221;34px&#8221; header_line_height=&#8221;1.2em&#8221; global_colors_info=&#8221;{}&#8221;]<\/p>\n<div class=\"av-special-heading av-48neej-dbda7d359a46042cb90d463f4a5b62a9 av-special-heading-h1  avia-builder-el-2  el_before_av_textblock  avia-builder-el-first  av-linked-heading\">\n<h1 class=\"av-special-heading-tag\" itemprop=\"headline\" style=\"text-align: center;\">Green Laboratory<\/h1>\n<\/div>\n<p>[\/et_pb_text][et_pb_text _builder_version=&#8221;4.24.0&#8243; _module_preset=&#8221;default&#8221; text_font=&#8221;Poppins||||||||&#8221; text_font_size=&#8221;16px&#8221; text_orientation=&#8221;center&#8221; width=&#8221;70%&#8221; width_tablet=&#8221;70%&#8221; width_phone=&#8221;100%&#8221; width_last_edited=&#8221;on|phone&#8221; module_alignment=&#8221;center&#8221; global_colors_info=&#8221;{}&#8221;]<\/p>\n<p>Use the services of the Green Laboratory \u2013 UV LED wide format printer, laser engraving and cutting machine and paint shop. All devices are eco friendly, i.e. they do not pollute the environment.<\/p>\n<p>[\/et_pb_text][et_pb_divider color=&#8221;#F02E62&#8243; divider_weight=&#8221;3px&#8221; _builder_version=&#8221;4.24.0&#8243; _module_preset=&#8221;default&#8221; width=&#8221;10%&#8221; module_alignment=&#8221;center&#8221; global_colors_info=&#8221;{}&#8221;][\/et_pb_divider][\/et_pb_column][\/et_pb_row][et_pb_row column_structure=&#8221;1_3,1_3,1_3&#8243; _builder_version=&#8221;4.24.0&#8243; _module_preset=&#8221;default&#8221; global_colors_info=&#8221;{}&#8221;][et_pb_column type=&#8221;1_3&#8243; _builder_version=&#8221;4.24.0&#8243; _module_preset=&#8221;default&#8221; global_colors_info=&#8221;{}&#8221;][et_pb_blurb title=&#8221;UV LED Printer&#8221; image=&#8221;https:\/\/www.cekom.hr\/wp-content\/uploads\/2024\/09\/2O5A0556-scaled-e1726559865742.jpg&#8221; _builder_version=&#8221;4.27.0&#8243; _dynamic_attributes=&#8221;link_option_url&#8221; _module_preset=&#8221;default&#8221; header_font=&#8221;Oswald||||||||&#8221; header_text_align=&#8221;center&#8221; header_text_color=&#8221;#0082C8&#8243; header_font_size=&#8221;22px&#8221; min_height=&#8221;360px&#8221; custom_padding=&#8221;||15px||false|false&#8221; link_option_url=&#8221;@ET-DC@eyJkeW5hbWljIjp0cnVlLCJjb250ZW50IjoicG9zdF9saW5rX3VybF9wYWdlIiwic2V0dGluZ3MiOnsicG9zdF9pZCI6IjY4NjAifX0=@&#8221; border_radii=&#8221;on|10px|10px|10px|10px&#8221; border_color_bottom=&#8221;#78C24F&#8221; border_width_bottom_image=&#8221;3px&#8221; border_color_bottom_image=&#8221;#F02E62&#8243; box_shadow_style=&#8221;preset3&#8243; box_shadow_color=&#8221;rgba(0,130,200,0.3)&#8221; global_colors_info=&#8221;{}&#8221; child_filter_brightness__hover=&#8221;40%&#8221; child_filter_brightness__hover_enabled=&#8221;on|hover&#8221; header_text_color__hover_enabled=&#8221;on|hover&#8221; header_text_color__hover=&#8221;#78C24F&#8221;][\/et_pb_blurb][et_pb_button button_url=&#8221;@ET-DC@eyJkeW5hbWljIjp0cnVlLCJjb250ZW50IjoicG9zdF9saW5rX3VybF9wYWdlIiwic2V0dGluZ3MiOnsicG9zdF9pZCI6IjY4NjAifX0=@&#8221; button_text=&#8221;Istra\u017ei&#8221; button_alignment=&#8221;center&#8221; _builder_version=&#8221;4.24.0&#8243; _dynamic_attributes=&#8221;button_url&#8221; _module_preset=&#8221;87f5ae85-6ea0-46f5-838d-812b1ad63777&#8243; custom_button=&#8221;on&#8221; button_text_size=&#8221;18px&#8221; button_text_color=&#8221;#FFFFFF&#8221; button_bg_color=&#8221;#0082C8&#8243; button_border_width=&#8221;0px&#8221; button_border_radius=&#8221;0px&#8221; button_font=&#8221;Oswald|500||on|||||&#8221; button_icon=&#8221;&#x35;||divi||400&#8243; custom_margin=&#8221;-6em||||false|false&#8221; custom_padding=&#8221;3px||3px||true|false&#8221; locked=&#8221;off&#8221; global_colors_info=&#8221;{}&#8221; button_text_color__hover=&#8221;#FFFFFF&#8221; button_text_color__hover_enabled=&#8221;off|desktop&#8221; custom_padding__hover=&#8221;10px|30px|10px|20px|true|false&#8221; custom_padding__hover_enabled=&#8221;off|desktop&#8221; button_bg_color__hover=&#8221;#0082C7&#8243; button_bg_color__hover_enabled=&#8221;off|desktop&#8221; button_bg_enable_color__hover=&#8221;on&#8221;][\/et_pb_button][\/et_pb_column][et_pb_column type=&#8221;1_3&#8243; _builder_version=&#8221;4.24.0&#8243; _module_preset=&#8221;default&#8221; global_colors_info=&#8221;{}&#8221;][et_pb_blurb title=&#8221;Ure\u0111aj za lasersko rezanje i graviranje&#8221; image=&#8221;https:\/\/www.cekom.hr\/wp-content\/uploads\/2024\/01\/Gravirka1-scaled-1-e1726559226243.jpg&#8221; _builder_version=&#8221;4.27.0&#8243; _dynamic_attributes=&#8221;link_option_url&#8221; _module_preset=&#8221;default&#8221; header_font=&#8221;Oswald||||||||&#8221; header_text_align=&#8221;center&#8221; header_text_color=&#8221;#0082C8&#8243; header_font_size=&#8221;22px&#8221; min_height=&#8221;360px&#8221; custom_padding=&#8221;||15px||false|false&#8221; link_option_url=&#8221;@ET-DC@eyJkeW5hbWljIjp0cnVlLCJjb250ZW50IjoicG9zdF9saW5rX3VybF9wYWdlIiwic2V0dGluZ3MiOnsicG9zdF9pZCI6IjY4NjIifX0=@&#8221; border_radii=&#8221;on|10px|10px|10px|10px&#8221; border_color_bottom=&#8221;#78C24F&#8221; border_width_bottom_image=&#8221;3px&#8221; border_color_bottom_image=&#8221;#F02E62&#8243; box_shadow_style=&#8221;preset3&#8243; box_shadow_color=&#8221;rgba(0,130,200,0.3)&#8221; global_colors_info=&#8221;{}&#8221; child_filter_brightness__hover=&#8221;40%&#8221; child_filter_brightness__hover_enabled=&#8221;on|hover&#8221; header_text_color__hover=&#8221;#78C24F&#8221; header_text_color__hover_enabled=&#8221;on|hover&#8221;][\/et_pb_blurb][et_pb_button button_url=&#8221;@ET-DC@eyJkeW5hbWljIjp0cnVlLCJjb250ZW50IjoicG9zdF9saW5rX3VybF9wYWdlIiwic2V0dGluZ3MiOnsicG9zdF9pZCI6IjY4NjIifX0=@&#8221; button_text=&#8221;Istra\u017ei&#8221; button_alignment=&#8221;center&#8221; _builder_version=&#8221;4.24.0&#8243; _dynamic_attributes=&#8221;button_url&#8221; _module_preset=&#8221;87f5ae85-6ea0-46f5-838d-812b1ad63777&#8243; custom_button=&#8221;on&#8221; button_text_size=&#8221;18px&#8221; button_text_color=&#8221;#FFFFFF&#8221; button_bg_color=&#8221;#0082C8&#8243; button_border_width=&#8221;0px&#8221; button_border_radius=&#8221;0px&#8221; button_font=&#8221;Oswald|500||on|||||&#8221; button_icon=&#8221;&#x35;||divi||400&#8243; custom_margin=&#8221;-6em||||false|false&#8221; custom_padding=&#8221;3px||3px||true|false&#8221; locked=&#8221;off&#8221; global_colors_info=&#8221;{}&#8221; button_text_color__hover=&#8221;#FFFFFF&#8221; button_text_color__hover_enabled=&#8221;off|desktop&#8221; custom_padding__hover=&#8221;10px|30px|10px|20px|true|false&#8221; custom_padding__hover_enabled=&#8221;off|desktop&#8221; button_bg_color__hover=&#8221;#0082C7&#8243; button_bg_color__hover_enabled=&#8221;off|desktop&#8221; button_bg_enable_color__hover=&#8221;on&#8221;][\/et_pb_button][\/et_pb_column][et_pb_column type=&#8221;1_3&#8243; _builder_version=&#8221;4.24.0&#8243; _module_preset=&#8221;default&#8221; global_colors_info=&#8221;{}&#8221;][et_pb_blurb title=&#8221;Lakirnica&#8221; image=&#8221;http:\/\/www.cekom.hr\/wp-content\/uploads\/2024\/01\/LAKIRNICA-002-scaled-1.jpg&#8221; _builder_version=&#8221;4.24.0&#8243; _dynamic_attributes=&#8221;link_option_url&#8221; _module_preset=&#8221;default&#8221; header_font=&#8221;Oswald||||||||&#8221; header_text_align=&#8221;center&#8221; header_text_color=&#8221;#0082C8&#8243; header_font_size=&#8221;22px&#8221; min_height=&#8221;360px&#8221; custom_padding=&#8221;||15px||false|false&#8221; link_option_url=&#8221;@ET-DC@eyJkeW5hbWljIjp0cnVlLCJjb250ZW50IjoicG9zdF9saW5rX3VybF9wYWdlIiwic2V0dGluZ3MiOnsicG9zdF9pZCI6IjY4NjQifX0=@&#8221; border_radii=&#8221;on|10px|10px|10px|10px&#8221; border_color_bottom=&#8221;#78C24F&#8221; border_width_bottom_image=&#8221;3px&#8221; border_color_bottom_image=&#8221;#F02E62&#8243; box_shadow_style=&#8221;preset3&#8243; box_shadow_color=&#8221;rgba(0,130,200,0.3)&#8221; global_colors_info=&#8221;{}&#8221; child_filter_brightness__hover=&#8221;40%&#8221; child_filter_brightness__hover_enabled=&#8221;on|hover&#8221; header_text_color__hover=&#8221;#78C24F&#8221; header_text_color__hover_enabled=&#8221;on|hover&#8221;][\/et_pb_blurb][et_pb_button button_url=&#8221;@ET-DC@eyJkeW5hbWljIjp0cnVlLCJjb250ZW50IjoicG9zdF9saW5rX3VybF9wYWdlIiwic2V0dGluZ3MiOnsicG9zdF9pZCI6IjY4NjQifX0=@&#8221; button_text=&#8221;Istra\u017ei&#8221; button_alignment=&#8221;center&#8221; _builder_version=&#8221;4.24.0&#8243; _dynamic_attributes=&#8221;button_url&#8221; _module_preset=&#8221;87f5ae85-6ea0-46f5-838d-812b1ad63777&#8243; custom_button=&#8221;on&#8221; button_text_size=&#8221;18px&#8221; button_text_color=&#8221;#FFFFFF&#8221; button_bg_color=&#8221;#0082C8&#8243; button_border_width=&#8221;0px&#8221; button_border_radius=&#8221;0px&#8221; button_font=&#8221;Oswald|500||on|||||&#8221; button_icon=&#8221;&#x35;||divi||400&#8243; custom_margin=&#8221;-6em||||false|false&#8221; custom_padding=&#8221;3px||3px||true|false&#8221; locked=&#8221;off&#8221; global_colors_info=&#8221;{}&#8221; button_text_color__hover=&#8221;#FFFFFF&#8221; button_text_color__hover_enabled=&#8221;off|desktop&#8221; custom_padding__hover=&#8221;10px|30px|10px|20px|true|false&#8221; custom_padding__hover_enabled=&#8221;off|desktop&#8221; button_bg_color__hover=&#8221;#0082C7&#8243; button_bg_color__hover_enabled=&#8221;off|desktop&#8221; button_bg_enable_color__hover=&#8221;on&#8221;][\/et_pb_button][\/et_pb_column][\/et_pb_row][\/et_pb_section][et_pb_section fb_built=&#8221;1&#8243; module_id=&#8221;fotovideo&#8221; _builder_version=&#8221;4.24.0&#8243; _module_preset=&#8221;default&#8221; use_background_color_gradient=&#8221;on&#8221; background_color_gradient_stops=&#8221;#e9edf4 0%|#ffffff 30%&#8221; global_colors_info=&#8221;{}&#8221;][et_pb_row _builder_version=&#8221;4.24.0&#8243; _module_preset=&#8221;default&#8221; global_colors_info=&#8221;{}&#8221;][et_pb_column type=&#8221;4_4&#8243; _builder_version=&#8221;4.24.0&#8243; _module_preset=&#8221;default&#8221; global_colors_info=&#8221;{}&#8221;][et_pb_text _builder_version=&#8221;4.24.0&#8243; _module_preset=&#8221;default&#8221; text_font=&#8221;Poppins||||||||&#8221; text_font_size=&#8221;16px&#8221; header_font=&#8221;Oswald|600||on|||||&#8221; header_text_color=&#8221;#0082C8&#8243; header_font_size=&#8221;34px&#8221; header_line_height=&#8221;1.2em&#8221; global_colors_info=&#8221;{}&#8221;]<\/p>\n<div class=\"av-special-heading av-48neej-dbda7d359a46042cb90d463f4a5b62a9 av-special-heading-h1  avia-builder-el-2  el_before_av_textblock  avia-builder-el-first  av-linked-heading\">\n<h1 class=\"av-special-heading-tag\" itemprop=\"headline\" style=\"text-align: center;\">Photo and video equipment<\/h1>\n<\/div>\n<p>[\/et_pb_text][et_pb_text _builder_version=&#8221;4.24.0&#8243; _module_preset=&#8221;default&#8221; text_font=&#8221;Poppins||||||||&#8221; text_font_size=&#8221;16px&#8221; text_orientation=&#8221;center&#8221; width=&#8221;70%&#8221; width_tablet=&#8221;70%&#8221; width_phone=&#8221;100%&#8221; width_last_edited=&#8221;on|phone&#8221; module_alignment=&#8221;center&#8221; global_colors_info=&#8221;{}&#8221;]<\/p>\n<p>Take advantage of the possibility of renting professional photo and video equipment at reasonable prices.<\/p>\n<p>[\/et_pb_text][et_pb_divider color=&#8221;#F02E62&#8243; divider_weight=&#8221;3px&#8221; _builder_version=&#8221;4.24.0&#8243; _module_preset=&#8221;default&#8221; width=&#8221;10%&#8221; module_alignment=&#8221;center&#8221; global_colors_info=&#8221;{}&#8221;][\/et_pb_divider][\/et_pb_column][\/et_pb_row][et_pb_row column_structure=&#8221;1_3,1_3,1_3&#8243; _builder_version=&#8221;4.24.0&#8243; _module_preset=&#8221;default&#8221; global_colors_info=&#8221;{}&#8221;][et_pb_column type=&#8221;1_3&#8243; _builder_version=&#8221;4.24.0&#8243; _module_preset=&#8221;default&#8221; global_colors_info=&#8221;{}&#8221;][\/et_pb_column][et_pb_column type=&#8221;1_3&#8243; _builder_version=&#8221;4.24.0&#8243; _module_preset=&#8221;default&#8221; global_colors_info=&#8221;{}&#8221;][et_pb_blurb title=&#8221;Foto i video oprema&#8221; image=&#8221;http:\/\/www.cekom.hr\/wp-content\/uploads\/2024\/01\/Fotoaparat-e1706013771285.jpg&#8221; _builder_version=&#8221;4.24.0&#8243; _dynamic_attributes=&#8221;link_option_url&#8221; _module_preset=&#8221;default&#8221; header_font=&#8221;Oswald||||||||&#8221; header_text_align=&#8221;center&#8221; header_text_color=&#8221;#0082C8&#8243; header_font_size=&#8221;22px&#8221; min_height=&#8221;360px&#8221; custom_padding=&#8221;||15px||false|false&#8221; link_option_url=&#8221;@ET-DC@eyJkeW5hbWljIjp0cnVlLCJjb250ZW50IjoicG9zdF9saW5rX3VybF9wYWdlIiwic2V0dGluZ3MiOnsicG9zdF9pZCI6IjY4ODcifX0=@&#8221; border_radii=&#8221;on|10px|10px|10px|10px&#8221; border_color_bottom=&#8221;#78C24F&#8221; border_width_bottom_image=&#8221;3px&#8221; border_color_bottom_image=&#8221;#F02E62&#8243; box_shadow_style=&#8221;preset3&#8243; box_shadow_color=&#8221;rgba(0,130,200,0.3)&#8221; global_colors_info=&#8221;{}&#8221; child_filter_brightness__hover=&#8221;40%&#8221; child_filter_brightness__hover_enabled=&#8221;on|hover&#8221; header_text_color__hover=&#8221;#78C24F&#8221; header_text_color__hover_enabled=&#8221;on|hover&#8221;][\/et_pb_blurb][et_pb_button button_url=&#8221;@ET-DC@eyJkeW5hbWljIjp0cnVlLCJjb250ZW50IjoicG9zdF9saW5rX3VybF9wYWdlIiwic2V0dGluZ3MiOnsicG9zdF9pZCI6IjY4ODcifX0=@&#8221; button_text=&#8221;Istra\u017ei&#8221; button_alignment=&#8221;center&#8221; _builder_version=&#8221;4.24.0&#8243; _dynamic_attributes=&#8221;button_url&#8221; _module_preset=&#8221;87f5ae85-6ea0-46f5-838d-812b1ad63777&#8243; custom_button=&#8221;on&#8221; button_text_size=&#8221;18px&#8221; button_text_color=&#8221;#FFFFFF&#8221; button_bg_color=&#8221;#0082C8&#8243; button_border_width=&#8221;0px&#8221; button_border_radius=&#8221;0px&#8221; button_font=&#8221;Oswald|500||on|||||&#8221; button_icon=&#8221;&#x35;||divi||400&#8243; custom_margin=&#8221;-6em||||false|false&#8221; custom_padding=&#8221;3px||3px||true|false&#8221; locked=&#8221;off&#8221; global_colors_info=&#8221;{}&#8221; button_text_color__hover=&#8221;#FFFFFF&#8221; button_text_color__hover_enabled=&#8221;off|desktop&#8221; custom_padding__hover=&#8221;10px|30px|10px|20px|true|false&#8221; custom_padding__hover_enabled=&#8221;off|desktop&#8221; button_bg_color__hover=&#8221;#0082C7&#8243; button_bg_color__hover_enabled=&#8221;off|desktop&#8221; button_bg_enable_color__hover=&#8221;on&#8221;][\/et_pb_button][\/et_pb_column][et_pb_column type=&#8221;1_3&#8243; _builder_version=&#8221;4.24.0&#8243; _module_preset=&#8221;default&#8221; global_colors_info=&#8221;{}&#8221;][\/et_pb_column][\/et_pb_row][\/et_pb_section]<\/p>","protected":false},"excerpt":{"rendered":"<p>Istra\u017eivanje, razvoj i inovacije Zeleni laboratorij Koristite usluge Zelenog laboratorija \u2013 UV LED printer \u0161irokog formata, laserski stroj za graviranje i rezanje i lakirnica. Svi ure\u0111aji su eco friendly, tj ne zaga\u0111uju okoli\u0161. Foto i video oprema Iskoristite mogu\u0107nost najma profesionalne foto i video opreme po povoljnim cijenama.<\/p>","protected":false},"author":1,"featured_media":0,"parent":0,"menu_order":0,"comment_status":"closed","ping_status":"closed","template":"","meta":{"_et_pb_use_builder":"on","_et_pb_old_content":"","_et_gb_content_width":"","footnotes":""},"class_list":["post-6819","page","type-page","status-publish","hentry"],"aioseo_notices":[],"_links":{"self":[{"href":"https:\/\/www.cekom.hr\/en\/wp-json\/wp\/v2\/pages\/6819","targetHints":{"allow":["GET"]}}],"collection":[{"href":"https:\/\/www.cekom.hr\/en\/wp-json\/wp\/v2\/pages"}],"about":[{"href":"https:\/\/www.cekom.hr\/en\/wp-json\/wp\/v2\/types\/page"}],"author":[{"embeddable":true,"href":"https:\/\/www.cekom.hr\/en\/wp-json\/wp\/v2\/users\/1"}],"replies":[{"embeddable":true,"href":"https:\/\/www.cekom.hr\/en\/wp-json\/wp\/v2\/comments?post=6819"}],"version-history":[{"count":3,"href":"https:\/\/www.cekom.hr\/en\/wp-json\/wp\/v2\/pages\/6819\/revisions"}],"predecessor-version":[{"id":9420,"href":"https:\/\/www.cekom.hr\/en\/wp-json\/wp\/v2\/pages\/6819\/revisions\/9420"}],"wp:attachment":[{"href":"https:\/\/www.cekom.hr\/en\/wp-json\/wp\/v2\/media?parent=6819"}],"curies":[{"name":"wp","href":"https:\/\/api.w.org\/{rel}","templated":true}]}}