{"id":6746,"date":"2024-01-22T20:34:03","date_gmt":"2024-01-22T20:34:03","guid":{"rendered":"http:\/\/www.cekom.hr\/?page_id=6746"},"modified":"2024-09-17T08:54:33","modified_gmt":"2024-09-17T06:54:33","slug":"strucna-praksa","status":"publish","type":"page","link":"https:\/\/www.cekom.hr\/en\/strucna-praksa\/","title":{"rendered":"PROFESSIONAL PRACTICE"},"content":{"rendered":"<p>[et_pb_section fb_built=&#8221;1&#8243; admin_label=&#8221;Header&#8221; _builder_version=&#8221;4.24.0&#8243; _module_preset=&#8221;default&#8221; background_color=&#8221;#e9edf4&#8243; use_background_color_gradient=&#8221;on&#8221; background_color_gradient_direction=&#8221;90deg&#8221; background_color_gradient_stops=&#8221;#ffffff 42%|rgba(255,255,255,0) 100%&#8221; background_color_gradient_overlays_image=&#8221;on&#8221; background_image=&#8221;http:\/\/www.cekom.hr\/wp-content\/uploads\/2024\/01\/STRUCNAPRAKSA-1-845&#215;321-1.png&#8221; background_size=&#8221;initial&#8221; background_position=&#8221;center_right&#8221; min_height_tablet=&#8221;&#8221; min_height_phone=&#8221;22em&#8221; min_height_last_edited=&#8221;on|phone&#8221; custom_margin=&#8221;||||false|false&#8221; custom_padding=&#8221;||||false|false&#8221; background_last_edited=&#8221;on|phone&#8221; background_color_gradient_direction_phone=&#8221;180deg&#8221; background_size_tablet=&#8221;contain&#8221; background_size_phone=&#8221;contain&#8221; background_position_tablet=&#8221;top_center&#8221; background_position_phone=&#8221;bottom_center&#8221; locked=&#8221;off&#8221; global_colors_info=&#8221;{}&#8221;][et_pb_row _builder_version=&#8221;4.16&#8243; _module_preset=&#8221;default&#8221; hover_enabled=&#8221;0&#8243; global_colors_info=&#8221;{}&#8221; sticky_enabled=&#8221;0&#8243;][et_pb_column type=&#8221;4_4&#8243; _builder_version=&#8221;4.16&#8243; _module_preset=&#8221;default&#8221; custom_padding=&#8221;80px||||false|false&#8221; custom_padding_tablet=&#8221;&#8221; custom_padding_phone=&#8221;0px||||false|false&#8221; custom_padding_last_edited=&#8221;on|phone&#8221; global_colors_info=&#8221;{}&#8221;][et_pb_text _builder_version=&#8221;4.27.0&#8243; _module_preset=&#8221;e864d11f-3dab-4fa3-ac06-4f0e1a260807&#8243; header_font=&#8221;Oswald|500|||||||&#8221; header_text_color=&#8221;#78C24F&#8221; header_font_size=&#8221;3vw&#8221; header_letter_spacing=&#8221;1px&#8221; header_line_height=&#8221;1.2em&#8221; width=&#8221;75%&#8221; width_tablet=&#8221;60%&#8221; width_phone=&#8221;100%&#8221; width_last_edited=&#8221;on|phone&#8221; custom_margin=&#8221;||0px||false|false&#8221; custom_margin_tablet=&#8221;||0px||false|false&#8221; custom_margin_phone=&#8221;-3em||||false|false&#8221; custom_margin_last_edited=&#8221;on|phone&#8221; header_font_size_tablet=&#8221;40px&#8221; header_font_size_phone=&#8221;24px&#8221; header_font_size_last_edited=&#8221;on|desktop&#8221; locked=&#8221;off&#8221; global_colors_info=&#8221;{}&#8221; custom_padding=&#8221;||60px|||&#8221;]<\/p>\n<h1 class=\"av-special-heading-tag\" itemprop=\"headline\">Development and implementation of professional practice at the Faculty of Forestry<\/h1>\n<div class=\"special-heading-border\"><\/div>\n<p>[\/et_pb_text][\/et_pb_column][\/et_pb_row][\/et_pb_section][et_pb_section fb_built=&#8221;1&#8243; _builder_version=&#8221;4.24.0&#8243; _module_preset=&#8221;default&#8221; use_background_color_gradient=&#8221;on&#8221; background_color_gradient_stops=&#8221;#e9edf4 0%|#ffffff 30%&#8221; global_colors_info=&#8221;{}&#8221;][et_pb_row _builder_version=&#8221;4.24.0&#8243; _module_preset=&#8221;default&#8221; global_colors_info=&#8221;{}&#8221;][et_pb_column type=&#8221;4_4&#8243; _builder_version=&#8221;4.24.0&#8243; _module_preset=&#8221;default&#8221; global_colors_info=&#8221;{}&#8221;][et_pb_text _builder_version=&#8221;4.27.0&#8243; _module_preset=&#8221;default&#8221; text_font=&#8221;Poppins||||||||&#8221; text_text_color=&#8221;rgba(0,0,0,0.55)&#8221; text_font_size=&#8221;16px&#8221; link_text_color=&#8221;#0082C8&#8243; global_colors_info=&#8221;{}&#8221;]<\/p>\n<div class=\"flex_column av-6chdv1-3c41f7e68d08e38868de49a3284c3c0b av_one_half  avia-builder-el-4  el_after_av_hr  el_before_av_one_half  first flex_column_div av-zero-column-padding\">\n<section class=\"av_textblock_section av-2cp0c-bbf4fd016b9f737eb59d88e7c586e38f\" itemscope=\"itemscope\" itemtype=\"https:\/\/schema.org\/CreativeWork\">\n<div class=\"avia_textblock\" itemprop=\"text\">\n<p><strong style=\"font-size: 16px;\">Project:<\/strong><span style=\"font-size: 16px;\">\u00a0<\/span><span style=\"font-size: 16px;\">Development and implementation of professional practice at the Faculty of Forestry<\/span><strong><\/strong><\/p>\n<p><strong>Call:<\/strong><span>\u00a0<\/span>Development, enhancing and implementation of professional practice in high education<\/p>\n<p><strong>Programme:<span>\u00a0<\/span><\/strong>Efficient Human Resources 2014-2020<\/p>\n<p><strong>Lead partner:<\/strong><span>\u00a0<\/span>Faculty of forestry and wood technology, University of Zagreb<\/p>\n<p><strong style=\"font-size: 16px;\">Partners:<\/strong><\/p>\n<ul>\n<li><a href=\"http:\/\/www.hkisdt.hr\/\">Hrvatska komora in\u017eenjera \u0161umarstva i drvne tehnologije<\/a>,<\/li>\n<li><a href=\"https:\/\/slavonski-hrast.com\/\">Slavonski hrast drvni klaster<\/a> and<\/li>\n<li><a href=\"https:\/\/www.cekom.hr\/en\/\">Competence Centre Ltd. for research and development<\/a>.<\/li>\n<\/ul>\n<p><strong style=\"font-size: 16px;\">Project goals:<\/strong><\/p>\n<\/div>\n<\/section>\n<\/div>\n<div class=\"flex_column av-gecr1-db097701a416647fcc29671b9efbfe30 av_one_half  avia-builder-el-6  el_after_av_one_half  el_before_av_textblock  flex_column_div av-zero-column-padding\">\n<div class=\"avia-image-container av-klkq07ub-38a46646057119dd5371cbfb8d52dd13 av-styling- avia-align-center  avia-builder-el-7  avia-builder-el-no-sibling\" itemprop=\"image\" itemscope=\"itemscope\" itemtype=\"https:\/\/schema.org\/ImageObject\">\n<div class=\"avia-image-container-inner\">\n<div class=\"avia-image-overlay-wrap\"><a href=\"https:\/\/www.sumfak.unizg.hr\/hr\/znanstveni-rad-i-medjunarodna-suradnja\/projekti\/razvoj-i-provedba-strucne-prakse-na-studijima-sumarskog-fakulteta-eu-projekt-up.03.1.1.04.0089\/\" class=\"avia_image\" aria-label=\"ESF logo\"><span class=\"image-overlay overlay-type-extern\"><span class=\"image-overlay-inside\"><\/span><\/span><\/a><\/div>\n<\/div>\n<\/div>\n<\/div>\n<section class=\"av_textblock_section av-2cp0c-bbf4fd016b9f737eb59d88e7c586e38f\" itemscope=\"itemscope\" itemtype=\"https:\/\/schema.org\/CreativeWork\">\n<div class=\"avia_textblock\" itemprop=\"text\">\n<h4><strong><\/strong><\/h4>\n<ol>\n<li>Provide support for increasing the employability of students of the Faculty of forestry and wood technology on the labor market by enabling the acquisition of practical skills for work through the improvement and implementation of concrete professional practice for 404 students,<\/li>\n<li>Establish a Center for professional practice at the Faculty of forestry and wood technology,<\/li>\n<li>Strengthening the competences of 55 teachers and 4 mentors in cooperation with partners from the industry: Croatian Chamber of Forestry and Wood Technology Engineers, Competence Centre Ltd for research and development and the Wood cluster Slavonian oak<\/li>\n<\/ol>\n<p>The expected results of the project (acquisition of practical work skills for 404 students of the Faculty of forestry and wood technology; establishment of the Center for Professional Practice of the Faculty of forestry and wood technology and professional education of teachers of the Faculty of forestry and wood technology in cooperation with industry partners) represent significant and important steps in providing support and increasing the employability of students of the Faculty of forestry and wood technology on the labor market, which is one of the goals of the Faculty of forestry and wood technology.<\/p>\n<p><strong>Project Duration:<\/strong><span>\u00a0<\/span>36 months (09.03.2020.-09.03.2023.)<\/p>\n<p><strong>Budget:<\/strong>: 3.902.617,14 HRK<\/p>\n<p><strong>Project description:<\/strong><\/p>\n<p>The purpose of the project is to provide support to increase the employability of students of the Faculty of Forestry and Wood Technology on the labor market by enabling the acquisition of practical skills for work through the improvement and implementation of professional practice. The project will enable the students of the Faculty of Forestry and Wood Technology, 404 of them, to acquire practical skills and first work experience during their studies by participating in activities based on solving real problems in the sector. Forestry and wood technology students will acquire additional skills through professional practice in the form of mentored practical work at the university, group multi-day field classes in companies and nature parks, and individual internships in companies lasting a month, for a more successful entry into the labor market. Furthermore, a Center for professional practice and career development will be established at the faculty with the purpose of helping students find and organize practice and help guide them towards the labor market in accordance with their affinities, capabilities and competencies.<\/p>\n<p>The project will enable equipping a computer classroom and a workshop for professional practice for wood technology students. In addition to the existing modern 5-axis CNC machine and 3D scanner and printer, students will now have the opportunity to use a laser device for engraving and cutting.<\/p>\n<p>Through the professional education of teachers, all in cooperation with companies from the industry, and mentors from the companies, mutual connection of higher education with the labor market will be achieved, which is necessary and extremely important in the education of future experts in the field of forestry, urban forestry and wood technology.<\/p>\n<p>The implementation of this project will enable students to gain skills and experience through professional practice by participating in activities based on real problems. Cooperation with employers will enable the faculty to increase the relevance of the curriculum, while it will increase students' access to quality learning through work. Furthermore, the implementation of this project contributes directly to the priority goals in the field of education, since the quality of the education system is improved and its efficiency and compliance with the needs of the labor market are improved.<\/p>\n<div class=\"hr av-21tebx-ce16dd83b67f4e2731eb9a0584f685fd hr-invisible  avia-builder-el-9  avia-builder-el-no-sibling\"><span class=\"hr-inner\"><span class=\"hr-inner-style\"><\/span><\/span><\/div>\n<p><em>The content of the announcement is the sole responsibility of Competence Centre Ltd for research and development.<\/em><\/p>\n<p><em><\/em><\/p>\n<p><em><\/em><\/p>\n<p><em>Project was fundedy by European Union European Social Fund.<\/em><\/p>\n<\/div>\n<\/section>\n<p>[\/et_pb_text][et_pb_image src=&#8221;http:\/\/www.cekom.hr\/wp-content\/uploads\/2024\/03\/ESF-uljp-ok-Ucinkoviti-ljudski-potencijali_BOJA_2.jpg&#8221; title_text=&#8221;ESF &#8211; uljp &#8211; ok &#8211; Ucinkoviti-ljudski-potencijali_BOJA_2&#8243; _builder_version=&#8221;4.24.2&#8243; _module_preset=&#8221;default&#8221; width=&#8221;31%&#8221; module_alignment=&#8221;center&#8221; global_colors_info=&#8221;{}&#8221;][\/et_pb_image][\/et_pb_column][\/et_pb_row][\/et_pb_section]<\/p>","protected":false},"excerpt":{"rendered":"<p>Razvoj i provedba stru\u010dne prakse na studijima \u0160umarskog fakulteta Naziv projekta:\u00a0Razvoj i provedba stru\u010dne prakse na studijima \u0160umarskog fakulteta Poziv:\u00a0Razvoj, unapre\u0111enje i provedba stru\u010dne prakse u visokom obrazovanju Operativni program:\u00a0U\u010dinkoviti ljudski potencijali 2014-2020 Nositelj:\u00a0Fakultet \u0161umarstva i drvne tehnologije Sveu\u010dili\u0161ta u Zagrebu Partneri: Hrvatska komora in\u017eenjera \u0161umarstva i drvne tehnologije, Slavonski hrast drvni klaster i Centar [&hellip;]<\/p>","protected":false},"author":1,"featured_media":0,"parent":0,"menu_order":0,"comment_status":"closed","ping_status":"closed","template":"","meta":{"_et_pb_use_builder":"on","_et_pb_old_content":"<!-- wp:divi\/placeholder \/-->","_et_gb_content_width":"","footnotes":""},"class_list":["post-6746","page","type-page","status-publish","hentry"],"aioseo_notices":[],"_links":{"self":[{"href":"https:\/\/www.cekom.hr\/en\/wp-json\/wp\/v2\/pages\/6746","targetHints":{"allow":["GET"]}}],"collection":[{"href":"https:\/\/www.cekom.hr\/en\/wp-json\/wp\/v2\/pages"}],"about":[{"href":"https:\/\/www.cekom.hr\/en\/wp-json\/wp\/v2\/types\/page"}],"author":[{"embeddable":true,"href":"https:\/\/www.cekom.hr\/en\/wp-json\/wp\/v2\/users\/1"}],"replies":[{"embeddable":true,"href":"https:\/\/www.cekom.hr\/en\/wp-json\/wp\/v2\/comments?post=6746"}],"version-history":[{"count":0,"href":"https:\/\/www.cekom.hr\/en\/wp-json\/wp\/v2\/pages\/6746\/revisions"}],"wp:attachment":[{"href":"https:\/\/www.cekom.hr\/en\/wp-json\/wp\/v2\/media?parent=6746"}],"curies":[{"name":"wp","href":"https:\/\/api.w.org\/{rel}","templated":true}]}}