{"id":6744,"date":"2024-01-22T20:31:59","date_gmt":"2024-01-22T20:31:59","guid":{"rendered":"http:\/\/www.cekom.hr\/?page_id=6744"},"modified":"2024-09-17T09:00:21","modified_gmt":"2024-09-17T07:00:21","slug":"dtc-slavonski-hrast","status":"publish","type":"page","link":"https:\/\/www.cekom.hr\/en\/dtc-slavonski-hrast\/","title":{"rendered":"DTC Slavonski Hrast"},"content":{"rendered":"<p>[et_pb_section fb_built=&#8221;1&#8243; admin_label=&#8221;Header&#8221; _builder_version=&#8221;4.24.0&#8243; _module_preset=&#8221;default&#8221; background_color=&#8221;#e9edf4&#8243; use_background_color_gradient=&#8221;on&#8221; background_color_gradient_direction=&#8221;90deg&#8221; background_color_gradient_stops=&#8221;#ffffff 42%|rgba(255,255,255,0) 100%&#8221; background_color_gradient_overlays_image=&#8221;on&#8221; background_image=&#8221;http:\/\/www.cekom.hr\/wp-content\/uploads\/2024\/01\/dtcnatpis-845&#215;321-1.png&#8221; background_size=&#8221;initial&#8221; background_position=&#8221;center_right&#8221; min_height=&#8221;22em&#8221; custom_margin=&#8221;||||false|false&#8221; custom_padding=&#8221;||||false|false&#8221; background_last_edited=&#8221;on|phone&#8221; background_color_gradient_direction_phone=&#8221;180deg&#8221; background_size_tablet=&#8221;contain&#8221; background_size_phone=&#8221;contain&#8221; background_position_tablet=&#8221;top_center&#8221; background_position_phone=&#8221;bottom_center&#8221; locked=&#8221;off&#8221; global_colors_info=&#8221;{}&#8221;][et_pb_row _builder_version=&#8221;4.16&#8243; _module_preset=&#8221;default&#8221; global_colors_info=&#8221;{}&#8221;][et_pb_column type=&#8221;4_4&#8243; _builder_version=&#8221;4.16&#8243; _module_preset=&#8221;default&#8221; custom_padding=&#8221;80px||||false|false&#8221; custom_padding_tablet=&#8221;&#8221; custom_padding_phone=&#8221;0px||||false|false&#8221; custom_padding_last_edited=&#8221;on|phone&#8221; global_colors_info=&#8221;{}&#8221;][et_pb_text _builder_version=&#8221;4.27.0&#8243; _module_preset=&#8221;e864d11f-3dab-4fa3-ac06-4f0e1a260807&#8243; header_font=&#8221;Oswald|500|||||||&#8221; header_text_color=&#8221;#78C24F&#8221; header_font_size=&#8221;3vw&#8221; header_letter_spacing=&#8221;1px&#8221; header_line_height=&#8221;1.2em&#8221; width=&#8221;75%&#8221; width_tablet=&#8221;60%&#8221; width_phone=&#8221;100%&#8221; width_last_edited=&#8221;on|phone&#8221; custom_margin=&#8221;||75px||false|false&#8221; custom_margin_tablet=&#8221;||0px||false|false&#8221; custom_margin_phone=&#8221;-3em||||false|false&#8221; custom_margin_last_edited=&#8221;on|phone&#8221; hover_enabled=&#8221;0&#8243; header_font_size_tablet=&#8221;40px&#8221; header_font_size_phone=&#8221;24px&#8221; header_font_size_last_edited=&#8221;on|desktop&#8221; locked=&#8221;off&#8221; global_colors_info=&#8221;{}&#8221; sticky_enabled=&#8221;0&#8243;]<\/p>\n<h1 class=\"av-special-heading-tag\" itemprop=\"headline\">DRVNO-TEHNOLO\u0160KI CENTAR<\/h1>\n<h1 class=\"av-special-heading-tag\" itemprop=\"headline\">SLAVONSKI HRAST<\/h1>\n<div class=\"special-heading-border\"><\/div>\n<p>[\/et_pb_text][\/et_pb_column][\/et_pb_row][\/et_pb_section][et_pb_section fb_built=&#8221;1&#8243; _builder_version=&#8221;4.24.0&#8243; _module_preset=&#8221;default&#8221; use_background_color_gradient=&#8221;on&#8221; background_color_gradient_stops=&#8221;#e9edf4 0%|#ffffff 30%&#8221; global_colors_info=&#8221;{}&#8221;][et_pb_row _builder_version=&#8221;4.24.0&#8243; _module_preset=&#8221;default&#8221; global_colors_info=&#8221;{}&#8221;][et_pb_column type=&#8221;4_4&#8243; _builder_version=&#8221;4.24.0&#8243; _module_preset=&#8221;default&#8221; global_colors_info=&#8221;{}&#8221;][et_pb_text _builder_version=&#8221;4.24.0&#8243; _module_preset=&#8221;default&#8221; text_font=&#8221;Poppins||||||||&#8221; text_text_color=&#8221;rgba(0,0,0,0.55)&#8221; text_font_size=&#8221;16px&#8221; link_text_color=&#8221;#0082C8&#8243; custom_padding=&#8221;||0px|||&#8221; global_colors_info=&#8221;{}&#8221;]<\/p>\n<p><strong>\"Wood-Technology Centre Slavonian Oak\"<\/strong> is an innovation infrastructure project that was unanimously adopted by the Partnership Council of Vukovar-Srijem County as a strategic project of Vukovar-Srijem County.<\/p>\n<p>The Wood-Technology centre is equipped with top equipment for the needs of our wood sector (3D design, equipment for preparing, processing and testing the quality of wood, etc.) which will be available to our small and medium-sized entrepreneurs in the wood sector, small sawmills, carpentry and crafts , the unemployed, start-ups in the wood sector, pupils, students, professors, scientists, researchers and innovators, as well as all other stakeholders in the value chain of forestry and the wood industry.<\/p>\n<p>The goal of the project is to strengthen the competitiveness and balance of regional development through the development of regional infrastructure, horizontal and\/or vertical integration of the value chain of the wood sector in the area of the bioeconomy for the area of Vukovar-Srijem County.<\/p>\n<p>[\/et_pb_text][\/et_pb_column][\/et_pb_row][et_pb_row _builder_version=&#8221;4.24.2&#8243; _module_preset=&#8221;default&#8221; custom_padding=&#8221;||0px|||&#8221; global_colors_info=&#8221;{}&#8221;][et_pb_column type=&#8221;4_4&#8243; _builder_version=&#8221;4.24.2&#8243; _module_preset=&#8221;default&#8221; global_colors_info=&#8221;{}&#8221;][modula_gallery gallery_select=&#8221;7197&#8243; _builder_version=&#8221;4.24.2&#8243; _module_preset=&#8221;default&#8221; global_colors_info=&#8221;{}&#8221;][\/modula_gallery][\/et_pb_column][\/et_pb_row][\/et_pb_section]<\/p>","protected":false},"excerpt":{"rendered":"<p>DRVNO-TEHNOLO\u0160KI CENTAR SLAVONSKI HRAST \u201eDrvno-tehnolo\u0161ki centar Slavonski hrast\u201c je projekt inovacijske infrastrukture kojeg je Partnersko vije\u0107e Vukovarsko-srijemske \u017eupanije jednoglasno usvojilo kao strate\u0161ki projekt Vukovarsko-srijemske \u017eupanije. Drvno-tehnolo\u0161ki centar je opremljen vrhunskom opremom za potrebe na\u0161eg drvnog sektora (3D dizajn, oprema za pripremu, obradu i testiranje kvalitete drva, itd.) koja \u0107e biti na raspolaganju na\u0161im malim i [&hellip;]<\/p>","protected":false},"author":1,"featured_media":0,"parent":0,"menu_order":0,"comment_status":"closed","ping_status":"closed","template":"","meta":{"_et_pb_use_builder":"on","_et_pb_old_content":"<!-- wp:divi\/placeholder \/-->","_et_gb_content_width":"","footnotes":""},"class_list":["post-6744","page","type-page","status-publish","hentry"],"aioseo_notices":[],"_links":{"self":[{"href":"https:\/\/www.cekom.hr\/en\/wp-json\/wp\/v2\/pages\/6744","targetHints":{"allow":["GET"]}}],"collection":[{"href":"https:\/\/www.cekom.hr\/en\/wp-json\/wp\/v2\/pages"}],"about":[{"href":"https:\/\/www.cekom.hr\/en\/wp-json\/wp\/v2\/types\/page"}],"author":[{"embeddable":true,"href":"https:\/\/www.cekom.hr\/en\/wp-json\/wp\/v2\/users\/1"}],"replies":[{"embeddable":true,"href":"https:\/\/www.cekom.hr\/en\/wp-json\/wp\/v2\/comments?post=6744"}],"version-history":[{"count":0,"href":"https:\/\/www.cekom.hr\/en\/wp-json\/wp\/v2\/pages\/6744\/revisions"}],"wp:attachment":[{"href":"https:\/\/www.cekom.hr\/en\/wp-json\/wp\/v2\/media?parent=6744"}],"curies":[{"name":"wp","href":"https:\/\/api.w.org\/{rel}","templated":true}]}}