{"id":6983,"date":"2024-01-23T19:49:27","date_gmt":"2024-01-23T19:49:27","guid":{"rendered":"http:\/\/www.cekom.hr\/?page_id=6983"},"modified":"2024-06-28T13:55:06","modified_gmt":"2024-06-28T11:55:06","slug":"pravo-na-pristup-informacijama","status":"publish","type":"page","link":"http:\/\/www.cekom.hr\/en\/pravo-na-pristup-informacijama\/","title":{"rendered":"Pravo na pristup informacijama"},"content":{"rendered":"<p>[et_pb_section fb_built=&#8221;1&#8243; admin_label=&#8221;Header&#8221; _builder_version=&#8221;4.24.0&#8243; _module_preset=&#8221;default&#8221; background_color=&#8221;#e9edf4&#8243; use_background_color_gradient=&#8221;on&#8221; background_color_gradient_direction=&#8221;90deg&#8221; background_color_gradient_stops=&#8221;#ffffff 71%|#0082c8 71%&#8221; background_color_gradient_overlays_image=&#8221;on&#8221; background_enable_image=&#8221;off&#8221; background_size=&#8221;contain&#8221; background_position=&#8221;center_right&#8221; custom_margin=&#8221;||||false|false&#8221; custom_padding=&#8221;||||false|false&#8221; background_last_edited=&#8221;on|tablet&#8221; background_color_gradient_direction_phone=&#8221;180deg&#8221; background_size_tablet=&#8221;contain&#8221; background_size_phone=&#8221;contain&#8221; background_position_tablet=&#8221;top_center&#8221; background_position_phone=&#8221;bottom_center&#8221; locked=&#8221;off&#8221; global_colors_info=&#8221;{}&#8221;][et_pb_row _builder_version=&#8221;4.16&#8243; _module_preset=&#8221;default&#8221; global_colors_info=&#8221;{}&#8221;][et_pb_column type=&#8221;4_4&#8243; _builder_version=&#8221;4.16&#8243; _module_preset=&#8221;default&#8221; custom_padding=&#8221;80px||||false|false&#8221; custom_padding_tablet=&#8221;&#8221; custom_padding_phone=&#8221;0px||||false|false&#8221; custom_padding_last_edited=&#8221;on|phone&#8221; global_colors_info=&#8221;{}&#8221;][et_pb_text _builder_version=&#8221;4.24.0&#8243; _module_preset=&#8221;e864d11f-3dab-4fa3-ac06-4f0e1a260807&#8243; header_font=&#8221;Oswald|500|||||||&#8221; header_text_color=&#8221;#78C24F&#8221; header_font_size=&#8221;3vw&#8221; header_letter_spacing=&#8221;1px&#8221; header_line_height=&#8221;1.2em&#8221; width=&#8221;50%&#8221; width_tablet=&#8221;60%&#8221; width_phone=&#8221;100%&#8221; width_last_edited=&#8221;on|phone&#8221; custom_margin=&#8221;-3em||0px||false|false&#8221; header_font_size_tablet=&#8221;40px&#8221; header_font_size_phone=&#8221;24px&#8221; header_font_size_last_edited=&#8221;on|desktop&#8221; locked=&#8221;off&#8221; global_colors_info=&#8221;{}&#8221;]<\/p>\n<h1 class=\"av-special-heading-tag\" itemprop=\"headline\">Pravo na pristup informacijama<\/h1>\n<div class=\"special-heading-border\"><\/div>\n<p>[\/et_pb_text][\/et_pb_column][\/et_pb_row][\/et_pb_section][et_pb_section fb_built=&#8221;1&#8243; _builder_version=&#8221;4.24.0&#8243; _module_preset=&#8221;default&#8221; use_background_color_gradient=&#8221;on&#8221; background_color_gradient_stops=&#8221;#e9edf4 0%|#ffffff 30%&#8221; global_colors_info=&#8221;{}&#8221;][et_pb_row make_equal=&#8221;on&#8221; _builder_version=&#8221;4.24.0&#8243; _module_preset=&#8221;default&#8221; custom_css_main_element=&#8221;align-self: center;&#8221; global_colors_info=&#8221;{}&#8221;][et_pb_column type=&#8221;4_4&#8243; _builder_version=&#8221;4.24.0&#8243; _module_preset=&#8221;default&#8221; global_colors_info=&#8221;{}&#8221;][et_pb_text _builder_version=&#8221;4.24.0&#8243; _module_preset=&#8221;default&#8221; text_font=&#8221;Poppins||||||||&#8221; text_text_color=&#8221;rgba(0,0,0,0.55)&#8221; text_font_size=&#8221;16px&#8221; link_text_color=&#8221;#0082C8&#8243; global_colors_info=&#8221;{}&#8221;]<\/p>\n<section class=\"l-section wpb_row height_medium width_full\">\n<div class=\"l-section-h i-cf\">\n<div class=\"g-cols vc_row via_flex valign_top type_default stacking_default\">\n<div class=\"vc_col-sm-6 wpb_column vc_column_container\">\n<div class=\"vc_column-inner\">\n<div class=\"wpb_wrapper\">\n<div class=\"wpb_text_column\">\n<div class=\"wpb_wrapper\">\n<p><strong>Pristup informacijama Centra kompetencija d.o.o. za istra\u017eivanje i razvoj<\/strong><\/p>\n<p>Pravo na pristup informacijama ure\u0111eno je Zakonom o pravu na pristup informacijama (Narodne novine br. 25\/13, 85\/15 (dalje: ZPPI)) kojim se ure\u0111uje pravo na pristup informacijama i ponovnu uporabu informacija koje posjeduju tijela javne vlasti. Centar kompetencija d.o.o. za istra\u017eivanje i razvoj, kao tijelo javne vlasti, u skladu s odredbama ZPPI-a, omogu\u0107uje korisnicima ostvarivanje prava na pristup informacijama kao i pravo na ponovnu uporabu informacija.<\/p>\n<p>Korisnik prava na pristup informacijama i ponovnu uporabu informacija je svaka doma\u0107a ili strana fizi\u010dka i pravna osoba.<\/p>\n<p>Informacija je svaki podatak koji posjeduje tijelo javne vlasti u obliku dokumenta, zapisa, dosjea, registra ili u bilo kojem drugom obliku, neovisno o na\u010dinu na koji je prikazana (napisani, nacrtani, tiskani, snimljeni, magnetni, opti\u010dki, elektroni\u010dki ili neki drugi zapis).<\/p>\n<p>Pravo na informaciju i ponovnu uporabu informacija ostvaruje se podno\u0161enjem pisanog ili usmenog zahtjeva slu\u017ebeniku za informiranje. Pisani zahtjev mo\u017eete uputiti putem elektroni\u010dke po\u0161te, po\u0161tom ili predati osobno na adresi: Centar kompetencija d.o.o. za istra\u017eivanje i razvoj, Ohridska 17, 32100 Vinkovci, radnim danom od 13,00 do 15,00 sati. Zahtjev za informacijom mo\u017eete podnijeti i usmeno \u2013 telefonski ili osobnim dolaskom u uredovno vrijeme radnim danom od 13,00 do 15,00 sati.<\/p>\n<p>Slu\u017ebenik za informiranje:<\/p>\n<p>Telefon: 032\/540-685<br \/>E-adresa: <a href=\"mailto:cekom@cekom.hr\">cekom@cekom.hr<\/a><\/p>\n<p><strong>Obrasci<\/strong><\/p>\n<ol>\n<li>Zahtjev za pristup informacijama<\/li>\n<li>Zahtjev za dopunu ili ispravak informacije<\/li>\n<li>Zahtjev za ponovnu uporabu informacije<\/li>\n<\/ol>\n<p>Centar kompetencija d.o.o. za istra\u017eivanje i razvoj ima pravo na naknadu stvarnih materijalnih tro\u0161kova koji nastanu pru\u017eanjem informacije korisniku prava na pristup informacijama i ponovnu uporabu informacija, kao i na naknadu tro\u0161kova dostave tra\u017eene informacije, koja se napla\u0107uje sukladno Kriterijima za odre\u0111ivanje visine naknade stvarnih materijalnih tro\u0161kova i tro\u0161kova dostave informacije (NN 12\/14).<\/p>\n<p>Izvje\u0161\u0107a o provedbi Zakona o pravu na pristup informacijama pogledajte <a href=\"http:\/\/www.cekom.hr\/en\/dokumenti\/\">ovdje.<\/a><\/p>\n<\/div>\n<\/div>\n<\/div>\n<\/div>\n<\/div>\n<\/div>\n<\/div>\n<\/section>\n<p>[\/et_pb_text][\/et_pb_column][\/et_pb_row][\/et_pb_section]<\/p>","protected":false},"excerpt":{"rendered":"<p>Pravo na pristup informacijama Pristup informacijama Centra kompetencija d.o.o. za istra\u017eivanje i razvoj Pravo na pristup informacijama ure\u0111eno je Zakonom o pravu na pristup informacijama (Narodne novine br. 25\/13, 85\/15 (dalje: ZPPI)) kojim se ure\u0111uje pravo na pristup informacijama i ponovnu uporabu informacija koje posjeduju tijela javne vlasti. Centar kompetencija d.o.o. za istra\u017eivanje i razvoj, [&hellip;]<\/p>","protected":false},"author":1,"featured_media":0,"parent":0,"menu_order":0,"comment_status":"closed","ping_status":"closed","template":"","meta":{"_et_pb_use_builder":"on","_et_pb_old_content":"","_et_gb_content_width":"","footnotes":""},"class_list":["post-6983","page","type-page","status-publish","hentry"],"aioseo_notices":[],"_links":{"self":[{"href":"http:\/\/www.cekom.hr\/en\/wp-json\/wp\/v2\/pages\/6983","targetHints":{"allow":["GET"]}}],"collection":[{"href":"http:\/\/www.cekom.hr\/en\/wp-json\/wp\/v2\/pages"}],"about":[{"href":"http:\/\/www.cekom.hr\/en\/wp-json\/wp\/v2\/types\/page"}],"author":[{"embeddable":true,"href":"http:\/\/www.cekom.hr\/en\/wp-json\/wp\/v2\/users\/1"}],"replies":[{"embeddable":true,"href":"http:\/\/www.cekom.hr\/en\/wp-json\/wp\/v2\/comments?post=6983"}],"version-history":[{"count":0,"href":"http:\/\/www.cekom.hr\/en\/wp-json\/wp\/v2\/pages\/6983\/revisions"}],"wp:attachment":[{"href":"http:\/\/www.cekom.hr\/en\/wp-json\/wp\/v2\/media?parent=6983"}],"curies":[{"name":"wp","href":"https:\/\/api.w.org\/{rel}","templated":true}]}}