{"id":6977,"date":"2024-01-23T19:46:12","date_gmt":"2024-01-23T19:46:12","guid":{"rendered":"http:\/\/www.cekom.hr\/?page_id=6977"},"modified":"2025-12-17T10:06:27","modified_gmt":"2025-12-17T09:06:27","slug":"gdpr","status":"publish","type":"page","link":"http:\/\/www.cekom.hr\/en\/gdpr\/","title":{"rendered":"GDPR"},"content":{"rendered":"<p>[et_pb_section fb_built=&#8221;1&#8243; admin_label=&#8221;Header&#8221; _builder_version=&#8221;4.24.0&#8243; _module_preset=&#8221;default&#8221; background_color=&#8221;#e9edf4&#8243; use_background_color_gradient=&#8221;on&#8221; background_color_gradient_direction=&#8221;90deg&#8221; background_color_gradient_stops=&#8221;#ffffff 71%|#0082c8 71%&#8221; background_color_gradient_overlays_image=&#8221;on&#8221; background_enable_image=&#8221;off&#8221; background_size=&#8221;contain&#8221; background_position=&#8221;center_right&#8221; custom_margin=&#8221;||||false|false&#8221; custom_padding=&#8221;||||false|false&#8221; background_last_edited=&#8221;on|tablet&#8221; background_color_gradient_direction_phone=&#8221;180deg&#8221; background_size_tablet=&#8221;contain&#8221; background_size_phone=&#8221;contain&#8221; background_position_tablet=&#8221;top_center&#8221; background_position_phone=&#8221;bottom_center&#8221; locked=&#8221;off&#8221; global_colors_info=&#8221;{}&#8221;][et_pb_row _builder_version=&#8221;4.16&#8243; _module_preset=&#8221;default&#8221; global_colors_info=&#8221;{}&#8221;][et_pb_column type=&#8221;4_4&#8243; _builder_version=&#8221;4.16&#8243; _module_preset=&#8221;default&#8221; custom_padding=&#8221;80px||||false|false&#8221; custom_padding_tablet=&#8221;&#8221; custom_padding_phone=&#8221;0px||||false|false&#8221; custom_padding_last_edited=&#8221;on|phone&#8221; global_colors_info=&#8221;{}&#8221;][et_pb_text _builder_version=&#8221;4.24.0&#8243; _module_preset=&#8221;e864d11f-3dab-4fa3-ac06-4f0e1a260807&#8243; header_font=&#8221;Oswald|500|||||||&#8221; header_text_color=&#8221;#78C24F&#8221; header_font_size=&#8221;3vw&#8221; header_letter_spacing=&#8221;1px&#8221; header_line_height=&#8221;1.2em&#8221; width=&#8221;50%&#8221; width_tablet=&#8221;60%&#8221; width_phone=&#8221;100%&#8221; width_last_edited=&#8221;on|phone&#8221; custom_margin=&#8221;-3em||0px||false|false&#8221; header_font_size_tablet=&#8221;40px&#8221; header_font_size_phone=&#8221;24px&#8221; header_font_size_last_edited=&#8221;on|desktop&#8221; locked=&#8221;off&#8221; global_colors_info=&#8221;{}&#8221;]<\/p>\n<h1 class=\"av-special-heading-tag\" itemprop=\"headline\">Za\u0161tita osobnih podataka<\/h1>\n<div class=\"special-heading-border\"><\/div>\n<p>[\/et_pb_text][\/et_pb_column][\/et_pb_row][\/et_pb_section][et_pb_section fb_built=&#8221;1&#8243; _builder_version=&#8221;4.24.0&#8243; _module_preset=&#8221;default&#8221; use_background_color_gradient=&#8221;on&#8221; background_color_gradient_stops=&#8221;#e9edf4 0%|#ffffff 30%&#8221; global_colors_info=&#8221;{}&#8221;][et_pb_row make_equal=&#8221;on&#8221; _builder_version=&#8221;4.24.0&#8243; _module_preset=&#8221;default&#8221; custom_css_main_element=&#8221;align-self: center;&#8221; global_colors_info=&#8221;{}&#8221;][et_pb_column type=&#8221;4_4&#8243; _builder_version=&#8221;4.24.0&#8243; _module_preset=&#8221;default&#8221; global_colors_info=&#8221;{}&#8221;][et_pb_text _builder_version=&#8221;4.24.0&#8243; _module_preset=&#8221;default&#8221; text_font=&#8221;Poppins||||||||&#8221; text_text_color=&#8221;rgba(0,0,0,0.55)&#8221; text_font_size=&#8221;16px&#8221; link_text_color=&#8221;#0082C8&#8243; global_colors_info=&#8221;{}&#8221;]<\/p>\n<section class=\"l-section wpb_row height_medium width_full\">\n<div class=\"l-section-h i-cf\">\n<div class=\"g-cols vc_row via_flex valign_top type_default stacking_default\">\n<div class=\"vc_col-sm-6 wpb_column vc_column_container\">\n<div class=\"vc_column-inner\">\n<div class=\"wpb_wrapper\">\n<div class=\"wpb_text_column\">\n<div class=\"wpb_wrapper\">\n<p><strong><b>ZA\u0160TITA OSOBNIH PODATAKA (GDPR) Centar kompetencija d.o.o. za istra\u017eivanje i razvoj<\/b><\/strong><\/p>\n<p>Uredba (EU) 2016\/679 Europskog parlamenta i Vije\u0107a od 27. travnja 2016. godine odnosno Op\u0107a uredba o za\u0161titi podataka po\u010dinje se primjenjivati u Republici Hrvatskoj od 25. svibnja 2018. godine.<\/p>\n<p>Op\u0107a uredba o za\u0161titi podataka gra\u0111ana (u daljnjem tekstu: GDPR), na visokom je mjestu prioriteta Europske unije, ali i Republike Hrvatske. Svaki gra\u0111anin mora imati kontrolu nad svojim osobnim podacima. Prikupljanje i obrada osobnih podataka koje rade tvrtke i javna tijela moraju biti kvalitetno za\u0161ti\u0107eni, ali mora se i dobiti privola osobe \u010diji se osobni podaci obra\u0111uju. Upravo privola korisnika da se svaki od njegovih osobnih podataka smije koristiti je jedan od klju\u010dnih elemenata putem kojeg Europska unija \u017eeli za\u0161titi svoje gra\u0111ane.<\/p>\n<p>Ciljevi GDPR-a su sljede\u0107i: uskla\u0111ivanje zakona o za\u0161titi podataka u cijeloj Europi, za\u0161tita i osna\u017eivanje osobnih podataka svih gra\u0111ana Europske unije te op\u0107enita promjena na\u010dina pristupa za\u0161titi podataka u organizacijama.<\/p>\n<p>GDPR je skup propisa koji, uslijed tehnolo\u0161kog razvoja i globalizacije, \u017eeli za\u0161tititi osobne podatke pojedinca. Cilj GDPR-a jest omogu\u0107iti pojedincu ve\u0107u kontrolu nad osobnim podacima. Zna\u010di, od danas svatko ima pravo u svakom trenutku dobiti informaciju koje podatke neka organizacija o njemu ima te dati privolu da se ti podaci obra\u0111uju ili zatra\u017eiti \u201czaborav\u201d tih podataka.<\/p>\n<p>Sve one informacije preko kojih se pojedinca mo\u017ee identificirati, a to su ime, prezime, dob, adresa, rasna i etni\u010dka pripadnost, zatim; e-mail, telefonski broj, fotografije, video, financijske i platne informacije, a tu su i genetski, biometrijski i zdravstveni podaci. Budu\u0107i da je definicija osobnih podataka postavljena vrlo \u0161iroko tako osobni podatak, u nekim slu\u010dajevima, mo\u017ee biti i IP adresa.<\/p>\n<p>GDPR se odnosi na sve. Osim \u0161to se odnosi na pojedince kojima daje alat da sami rukovode svojim podacima, odnosi se i na sve \u010dlanice Europske unije te s primjenom danas kre\u0107e u svim zemljama, uklju\u010duju\u0107i i Hrvatsku. Tako sve hrvatske organizacije, institucije i tvrtke koje prikupljaju i obra\u0111uju osobne podatke moraju klijentima na jednostavan i transparentan na\u010din objasniti u koje to\u010dno svrhe koriste njihove osobne podatke, kako koriste podatke, kome ih transferiraju, koliko ih \u010duvaju i sli\u010dno.<\/p>\n<p>Sukladno obvezama propisanim Op\u0107om uredbom za za\u0161titu podataka Centar kompetencija d.o.o. za istra\u017eivanje i razvoj dana 09. travnja 2019. godine donio je i objavio<span>\u00a0<\/span><em><i>Pravilnik o prikupljanju, obradi i kori\u0161tenju, te za\u0161titi osobnih podataka fizi\u010dkih i pravnih osoba<\/i><\/em><span>\u00a0<\/span>kojem mo\u017eete pristupiti putem <a href=\"https:\/\/www.cekom.hr\/wp-content\/uploads\/2025\/12\/11.1.-Pravilnik-o-prikupljanju-obradi-i-zastiti-podataka.pdf\">POVEZNICE<\/a>.<\/p>\n<p>&nbsp;<\/p>\n<p>Slu\u017ebenik za za\u0161titu osobnih podataka: Filip \u017dupani\u0107<br \/>GDPR kontakt:<span>\u00a0<\/span><a href=\"mailto:balog@cekom.hr\"><u>zupanic@cekom.hr<\/u><\/a><\/p>\n<p>Dodatne informacije:<br \/><a href=\"https:\/\/www.zakon.hr\/z\/3112\/Op%C4%87a-uredba-o-za%C5%A1titi-podataka---Uredba-%28EU%29-2016-679-\"><strong><b>Op\u0107a uredba o za\u0161titi podataka<\/b><\/strong><\/a><br \/><a href=\"http:\/\/digured.srce.hr\/arhiva\/263\/182828\/narodne-novine.nn.hr\/clanci\/sluzbeni\/full\/2018_05_42_805.html\"><strong><b>Zakon o provedbi op\u0107e uredbe o za\u0161titi podataka<\/b><\/strong><\/a><br \/><a href=\"https:\/\/azop.hr\/\"><strong><b>Agencija za za\u0161titu podataka<\/b><\/strong><\/a><\/p>\n<\/div>\n<\/div>\n<\/div>\n<\/div>\n<\/div>\n<\/div>\n<\/div>\n<\/section>\n<p>[\/et_pb_text][\/et_pb_column][\/et_pb_row][\/et_pb_section]<\/p>","protected":false},"excerpt":{"rendered":"<p>Za\u0161tita osobnih podataka ZA\u0160TITA OSOBNIH PODATAKA (GDPR) Centar kompetencija d.o.o. za istra\u017eivanje i razvoj Uredba (EU) 2016\/679 Europskog parlamenta i Vije\u0107a od 27. travnja 2016. godine odnosno Op\u0107a uredba o za\u0161titi podataka po\u010dinje se primjenjivati u Republici Hrvatskoj od 25. svibnja 2018. godine. Op\u0107a uredba o za\u0161titi podataka gra\u0111ana (u daljnjem tekstu: GDPR), na visokom [&hellip;]<\/p>","protected":false},"author":1,"featured_media":0,"parent":0,"menu_order":0,"comment_status":"closed","ping_status":"closed","template":"","meta":{"_et_pb_use_builder":"on","_et_pb_old_content":"","_et_gb_content_width":"","footnotes":""},"class_list":["post-6977","page","type-page","status-publish","hentry"],"aioseo_notices":[],"_links":{"self":[{"href":"http:\/\/www.cekom.hr\/en\/wp-json\/wp\/v2\/pages\/6977","targetHints":{"allow":["GET"]}}],"collection":[{"href":"http:\/\/www.cekom.hr\/en\/wp-json\/wp\/v2\/pages"}],"about":[{"href":"http:\/\/www.cekom.hr\/en\/wp-json\/wp\/v2\/types\/page"}],"author":[{"embeddable":true,"href":"http:\/\/www.cekom.hr\/en\/wp-json\/wp\/v2\/users\/1"}],"replies":[{"embeddable":true,"href":"http:\/\/www.cekom.hr\/en\/wp-json\/wp\/v2\/comments?post=6977"}],"version-history":[{"count":1,"href":"http:\/\/www.cekom.hr\/en\/wp-json\/wp\/v2\/pages\/6977\/revisions"}],"predecessor-version":[{"id":9341,"href":"http:\/\/www.cekom.hr\/en\/wp-json\/wp\/v2\/pages\/6977\/revisions\/9341"}],"wp:attachment":[{"href":"http:\/\/www.cekom.hr\/en\/wp-json\/wp\/v2\/media?parent=6977"}],"curies":[{"name":"wp","href":"https:\/\/api.w.org\/{rel}","templated":true}]}}