{"id":6440,"date":"2024-01-13T17:21:51","date_gmt":"2024-01-13T17:21:51","guid":{"rendered":"http:\/\/www.cekom.hr\/?page_id=6440"},"modified":"2026-01-15T13:05:20","modified_gmt":"2026-01-15T12:05:20","slug":"dokumenti","status":"publish","type":"page","link":"http:\/\/www.cekom.hr\/en\/dokumenti\/","title":{"rendered":"Documentation"},"content":{"rendered":"<p>[et_pb_section fb_built=&#8221;1&#8243; admin_label=&#8221;Header&#8221; _builder_version=&#8221;4.24.0&#8243; _module_preset=&#8221;default&#8221; background_color=&#8221;#e9edf4&#8243; use_background_color_gradient=&#8221;on&#8221; background_color_gradient_direction=&#8221;90deg&#8221; background_color_gradient_stops=&#8221;#ffffff 42%|rgba(255,255,255,0) 100%&#8221; background_color_gradient_overlays_image=&#8221;on&#8221; background_image=&#8221;http:\/\/www.cekom.hr\/wp-content\/uploads\/2024\/01\/archive-3859388_1280.jpg&#8221; custom_margin=&#8221;||||false|false&#8221; custom_padding=&#8221;||||false|false&#8221; background_last_edited=&#8221;on|tablet&#8221; background_size_tablet=&#8221;contain&#8221; background_size_phone=&#8221;contain&#8221; background_position_tablet=&#8221;top_center&#8221; background_position_phone=&#8221;top_right&#8221; locked=&#8221;off&#8221; global_colors_info=&#8221;{}&#8221;][et_pb_row _builder_version=&#8221;4.16&#8243; _module_preset=&#8221;default&#8221; global_colors_info=&#8221;{}&#8221;][et_pb_column type=&#8221;4_4&#8243; _builder_version=&#8221;4.16&#8243; _module_preset=&#8221;default&#8221; custom_padding=&#8221;80px||||false|false&#8221; custom_padding_tablet=&#8221;&#8221; custom_padding_phone=&#8221;0px||||false|false&#8221; custom_padding_last_edited=&#8221;on|phone&#8221; global_colors_info=&#8221;{}&#8221;][et_pb_text _builder_version=&#8221;4.23.1&#8243; _module_preset=&#8221;534cc526-6274-4e31-9e1a-7f18a5947bf1&#8243; header_4_font=&#8221;Oswald|500||on|||||&#8221; header_4_text_color=&#8221;#0082C7&#8243; header_4_font_size=&#8221;14px&#8221; header_4_letter_spacing=&#8221;1px&#8221; header_4_line_height=&#8221;1.3em&#8221; custom_margin=&#8221;||0px||false|false&#8221; header_4_font_size_tablet=&#8221;13px&#8221; header_4_font_size_phone=&#8221;11px&#8221; header_4_font_size_last_edited=&#8221;on|tablet&#8221; global_colors_info=&#8221;{}&#8221;]<\/p>\n<h4>Cekom<\/h4>\n<p>[\/et_pb_text][et_pb_text _builder_version=&#8221;4.24.0&#8243; _module_preset=&#8221;e864d11f-3dab-4fa3-ac06-4f0e1a260807&#8243; header_font=&#8221;Oswald|500||on|||||&#8221; header_text_color=&#8221;#78C24F&#8221; header_font_size=&#8221;5vw&#8221; header_letter_spacing=&#8221;4px&#8221; header_line_height=&#8221;1.2em&#8221; custom_margin=&#8221;||0px||false|false&#8221; header_font_size_tablet=&#8221;40px&#8221; header_font_size_phone=&#8221;24px&#8221; header_font_size_last_edited=&#8221;on|desktop&#8221; locked=&#8221;off&#8221; global_colors_info=&#8221;{}&#8221;]<\/p>\n<h1>Documentation<\/h1>\n<p>[\/et_pb_text][et_pb_button button_url=&#8221;https:\/\/www.cekom.hr\/kontakt\/&#8221; button_text=&#8221;Kontakt&#8221; _builder_version=&#8221;4.27.0&#8243; _module_preset=&#8221;94ef7aca-dcd9-4f9d-93b2-efa3466cebc7&#8243; custom_button=&#8221;on&#8221; button_text_size=&#8221;20px&#8221; button_text_color=&#8221;#000000&#8243; button_bg_color=&#8221;RGBA(255,255,255,0)&#8221; button_border_width=&#8221;0px&#8221; button_border_radius=&#8221;1px&#8221; button_letter_spacing=&#8221;2px&#8221; button_font=&#8221;Oswald|700||on|||||&#8221; button_use_icon=&#8221;off&#8221; custom_margin=&#8221;||||false|false&#8221; custom_margin_tablet=&#8221;|||30%|false|false&#8221; custom_margin_phone=&#8221;|||0%|false|false&#8221; custom_margin_last_edited=&#8221;on|phone&#8221; custom_padding=&#8221;15px|20px|15px|20px|true|true&#8221; custom_padding_tablet=&#8221;15px|20px|15px|20px|true|true&#8221; custom_padding_phone=&#8221;12px||12px||true|true&#8221; custom_padding_last_edited=&#8221;on|phone&#8221; box_shadow_style=&#8221;preset7&#8243; box_shadow_horizontal=&#8221;30px&#8221; box_shadow_vertical=&#8221;0px&#8221; box_shadow_color=&#8221;#0082C7&#8243; global_colors_info=&#8221;{}&#8221; button_text_color__hover=&#8221;#FFFFFF&#8221; button_text_color__hover_enabled=&#8221;on|hover&#8221; box_shadow_horizontal__hover=&#8221;10px&#8221; box_shadow_horizontal__hover_enabled=&#8221;on|hover&#8221; box_shadow_color__hover=&#8221;#0082C7&#8243; box_shadow_color__hover_enabled=&#8221;on|hover&#8221; button_bg_color__hover=&#8221;#0082C7&#8243; button_bg_color__hover_enabled=&#8221;on|hover&#8221;][\/et_pb_button][\/et_pb_column][\/et_pb_row][\/et_pb_section][et_pb_section fb_built=&#8221;1&#8243; _builder_version=&#8221;4.24.0&#8243; _module_preset=&#8221;default&#8221; custom_padding=&#8221;70px|||||&#8221; global_colors_info=&#8221;{}&#8221;][et_pb_row _builder_version=&#8221;4.24.0&#8243; _module_preset=&#8221;default&#8221; width_tablet=&#8221;&#8221; width_phone=&#8221;90%&#8221; width_last_edited=&#8221;on|phone&#8221; global_colors_info=&#8221;{}&#8221;][et_pb_column type=&#8221;4_4&#8243; _builder_version=&#8221;4.24.0&#8243; _module_preset=&#8221;default&#8221; global_colors_info=&#8221;{}&#8221;][et_pb_accordion open_toggle_text_color=&#8221;#78C24F&#8221; closed_toggle_text_color=&#8221;#FFFFFF&#8221; closed_toggle_background_color=&#8221;#0082C8&#8243; icon_color=&#8221;#FFFFFF&#8221; _builder_version=&#8221;4.27.3&#8243; _module_preset=&#8221;default&#8221; toggle_text_color=&#8221;#FFFFFF&#8221; toggle_font=&#8221;Oswald|||on|||||&#8221; toggle_font_size=&#8221;19px&#8221; toggle_letter_spacing=&#8221;1px&#8221; body_font=&#8221;Poppins||||||||&#8221; body_link_font=&#8221;Poppins||||||||&#8221; body_link_text_color=&#8221;#0082C8&#8243; body_link_font_size=&#8221;15px&#8221; border_width_all=&#8221;0px&#8221; border_color_all=&#8221;#0082C8&#8243; border_width_top=&#8221;3px&#8221; box_shadow_style=&#8221;preset3&#8243; box_shadow_vertical=&#8221;11px&#8221; box_shadow_blur=&#8221;26px&#8221; box_shadow_spread=&#8221;-14px&#8221; box_shadow_color=&#8221;rgba(0,130,200,0.31)&#8221; global_colors_info=&#8221;{}&#8221;][et_pb_accordion_item title=&#8221;Donacije&#8221; open=&#8221;off&#8221; _builder_version=&#8221;4.24.0&#8243; _module_preset=&#8221;default&#8221; global_colors_info=&#8221;{}&#8221;]<\/p>\n<ul>\n<li><a href=\"http:\/\/www.cekom.hr\/wp-content\/uploads\/2024\/01\/Pravilnik-o-uredivanju-postupaka-doniranja-i-sponzoriranja.pdf\" rel=\"attachment wp-att-6655\">Pravilnik o ure\u0111ivanju postupaka doniranja i sponzoriranja<\/a><\/li>\n<li><a href=\"https:\/\/www.cekom.hr\/wp-content\/uploads\/2025\/12\/Izjava-o-donacijama-za-2023.pdf\">Izjava o donacijama za 2023.<\/a><\/li>\n<li><a href=\"http:\/\/www.cekom.hr\/wp-content\/uploads\/2024\/01\/Izjava-o-donacijama-za-2022.pdf\" rel=\"attachment wp-att-6656\">Izjava o donacijama za 2022.<\/a><\/li>\n<li><a href=\"http:\/\/www.cekom.hr\/wp-content\/uploads\/2024\/01\/Izjava-o-donacijama-za-2021.pdf\" rel=\"attachment wp-att-6657\">Izjava o donacijama za 2021.<\/a><\/li>\n<li><a href=\"http:\/\/www.cekom.hr\/wp-content\/uploads\/2024\/01\/Izjava-o-donacijama-za-2020.pdf\" rel=\"attachment wp-att-6658\">Izjava o donacijama za 2020.<\/a><\/li>\n<li><a href=\"http:\/\/www.cekom.hr\/wp-content\/uploads\/2024\/01\/Izjava-o-donacijama-za-2019.pdf\" rel=\"attachment wp-att-6659\">Izjava o donacijama za 2019.<\/a><\/li>\n<li><a href=\"http:\/\/www.cekom.hr\/wp-content\/uploads\/2024\/01\/Izjava-o-donacijama-za-2018.pdf\" rel=\"attachment wp-att-6660\">Izjava o donacijama za 2018.<\/a><\/li>\n<li><a href=\"http:\/\/www.cekom.hr\/wp-content\/uploads\/2024\/01\/Izjava-o-donacijama-za-2017.pdf\" rel=\"attachment wp-att-6661\">Izjava o donacijama za 2017.<\/a><\/li>\n<\/ul>\n<p>[\/et_pb_accordion_item][et_pb_accordion_item title=&#8221;Financije&#8221; _builder_version=&#8221;4.24.0&#8243; _module_preset=&#8221;default&#8221; global_colors_info=&#8221;{}&#8221; open=&#8221;off&#8221;]<\/p>\n<ul>\n<li><a href=\"https:\/\/www.cekom.hr\/wp-content\/uploads\/2025\/12\/Biljeske-uz-financijske-izvjestaje-poduzetnika-2024.pdf\">Bilje\u0161ke uz financijske izvje\u0161taje poduzetnika za 2024. godinu<\/a><\/li>\n<li><a href=\"https:\/\/www.cekom.hr\/wp-content\/uploads\/2025\/12\/GFI-2024_.pdf\">Godi\u0161nji financijski izvje\u0161taj poduzetnika za 2024. godinu<\/a><\/li>\n<li><a href=\"http:\/\/www.cekom.hr\/wp-content\/uploads\/2024\/04\/Biljeska-za-GFI-2023.pdf\">Bilje\u0161ke uz financijske izvje\u0161taje poduzetnika za 2023. godinu<\/a><\/li>\n<li><a href=\"http:\/\/www.cekom.hr\/wp-content\/uploads\/2024\/04\/GFI-scan-2023.pdf\">Godi\u0161nji financijski izvje\u0161taj poduzetnika za 2023. godinu<\/a><\/li>\n<li><a href=\"http:\/\/www.cekom.hr\/wp-content\/uploads\/2024\/01\/Biljeske-uz-financijske-izvjestaje-poduzetnika-za-2022.-godinu.pdf\" rel=\"attachment wp-att-6662\">Bilje\u0161ke uz financijske izvje\u0161taje poduzetnika za 2022. godinu<\/a><\/li>\n<li><a href=\"http:\/\/www.cekom.hr\/wp-content\/uploads\/2024\/01\/Godisnji-financijski-izvjestaj-poduzetnika-za-2022.-godinu.pdf\" rel=\"attachment wp-att-6663\">Godi\u0161nji financijski izvje\u0161taj poduzetnika za 2022. godinu<\/a><\/li>\n<li><a href=\"http:\/\/www.cekom.hr\/wp-content\/uploads\/2024\/01\/Biljeske-uz-financijske-izvjestaje-poduzetnika-2021.-godina.pdf\" rel=\"attachment wp-att-6664\">Bilje\u0161ke uz financijske izvje\u0161taje poduzetnika 2021. godina<\/a><\/li>\n<li><a href=\"http:\/\/www.cekom.hr\/wp-content\/uploads\/2024\/01\/Godisnji-financijski-izvjestaj-poduzetnika-2021.-godinu.pdf\" rel=\"attachment wp-att-6665\">Godi\u0161nji financijski izvje\u0161taj poduzetnika 2021. godinu<\/a><\/li>\n<li><a href=\"http:\/\/www.cekom.hr\/wp-content\/uploads\/2024\/01\/Biljeske-uz-financijske-izvjestaje-poduzetnika-2020.-godinu.pdf\" rel=\"attachment wp-att-6666\">Bilje\u0161ke uz financijske izvje\u0161taje poduzetnika 2020. godinu<\/a><\/li>\n<li><a href=\"http:\/\/www.cekom.hr\/wp-content\/uploads\/2024\/01\/Godisnji-financijski-izvjestaj-poduzetnika-za-2020.-godinu.pdf\" rel=\"attachment wp-att-6667\">Godi\u0161nji financijski izvje\u0161taj poduzetnika za 2020. godinu<\/a><\/li>\n<li><a href=\"http:\/\/www.cekom.hr\/wp-content\/uploads\/2024\/01\/Biljeske-uz-financijske-izvjestaje-poduzetnika-2019.-godina.pdf\" rel=\"attachment wp-att-6668\">Bilje\u0161ke uz financijske izvje\u0161taje poduzetnika 2019. godina<\/a><\/li>\n<li><a href=\"http:\/\/www.cekom.hr\/wp-content\/uploads\/2024\/01\/Godisnji-financijski-izvjestaj-poduzetnika-za-2019.-godinu.pdf\" rel=\"attachment wp-att-6669\">Godi\u0161nji financijski izvje\u0161taj poduzetnika za 2019. godinu<\/a><\/li>\n<li><a href=\"http:\/\/www.cekom.hr\/wp-content\/uploads\/2024\/01\/Biljeske-uz-financijske-izvjestaje-poduzetnika-2018.-godina.pdf\" rel=\"attachment wp-att-6670\">Bilje\u0161ke uz financijske izvje\u0161taje poduzetnika 2018. godina<\/a><\/li>\n<li><a href=\"http:\/\/www.cekom.hr\/wp-content\/uploads\/2024\/01\/Godisnji-financijski-izvjestaj-poduzetnika-za-2018.-godinu.pdf\" rel=\"attachment wp-att-6671\">Godi\u0161nji financijski izvje\u0161taj poduzetnika za 2018. godinu<\/a><\/li>\n<li><a href=\"http:\/\/www.cekom.hr\/wp-content\/uploads\/2024\/01\/Biljeske-uz-financijske-izvjestaje-poduzetnika-2017.-godina.pdf\" rel=\"attachment wp-att-6672\">Bilje\u0161ke uz financijske izvje\u0161taje poduzetnika 2017. godina<\/a><\/li>\n<li><a href=\"http:\/\/www.cekom.hr\/wp-content\/uploads\/2024\/01\/Godisnji-financijski-izvjestaj-poduzetnika-za-2017.-godinu.pdf\" rel=\"attachment wp-att-6674\">Godi\u0161nji financijski izvje\u0161taj poduzetnika za 2017. godinu<\/a><\/li>\n<\/ul>\n<p>[\/et_pb_accordion_item][et_pb_accordion_item title=&#8221;Pristup informacijama&#8221; _builder_version=&#8221;4.24.0&#8243; _module_preset=&#8221;default&#8221; global_colors_info=&#8221;{}&#8221; open=&#8221;off&#8221;]<\/p>\n<ul>\n<li><a href=\"https:\/\/www.cekom.hr\/wp-content\/uploads\/2025\/01\/Izvjesce-o-provedbi-Zakona-o-pravu-na-pristup-informacijama-za-2024.pdf\">Izvje\u0161\u0107e o provedbi Zakona o pravu na pristup informacijama za 2024.<\/a><\/li>\n<li><a href=\"http:\/\/www.cekom.hr\/wp-content\/uploads\/2024\/01\/Izvjesce-o-provedbi-Zakona-o-pravu-na-pristup-informacijama-za-2023.pdf\" rel=\"attachment wp-att-6675\">Izvje\u0161\u0107e o provedbi Zakona o pravu na pristup informacijama za 2023.<\/a><\/li>\n<li><a href=\"http:\/\/www.cekom.hr\/wp-content\/uploads\/2024\/01\/Izvjesce-o-provedbi-Zakona-o-pravu-na-pristup-informacijama-za-2022.pdf\" rel=\"attachment wp-att-6676\">Izvje\u0161\u0107e o provedbi Zakona o pravu na pristup informacijama za 2022.<\/a><\/li>\n<li><a href=\"http:\/\/www.cekom.hr\/wp-content\/uploads\/2024\/01\/Izvjesce-o-provedbi-Zakona-o-pravu-na-pristup-informacijama-za-2021.pdf\" rel=\"attachment wp-att-6677\">Izvje\u0161\u0107e o provedbi Zakona o pravu na pristup informacijama za 2021.<\/a><\/li>\n<li><a href=\"http:\/\/www.cekom.hr\/wp-content\/uploads\/2024\/01\/Izvjesce-o-provedbi-Zakona-o-pravu-na-pristup-informacijama-za-2020.pdf\" rel=\"attachment wp-att-6678\">Izvje\u0161\u0107e o provedbi Zakona o pravu na pristup informacijama za 2020.<\/a><\/li>\n<li><a href=\"http:\/\/www.cekom.hr\/wp-content\/uploads\/2024\/01\/Izvjesce-o-provedbi-Zakona-o-pravu-na-pristup-informacijama-za-2019.pdf\" rel=\"attachment wp-att-6679\">Izvje\u0161\u0107e o provedbi Zakona o pravu na pristup informacijama za 2019.<\/a><\/li>\n<li><a href=\"http:\/\/www.cekom.hr\/wp-content\/uploads\/2024\/01\/Izvjesce-o-provedbi-Zakona-o-pravu-na-pristup-informacijama-za-2018.pdf\" rel=\"attachment wp-att-6680\">Izvje\u0161\u0107e o provedbi Zakona o pravu na pristup informacijama za 2018.<\/a><\/li>\n<\/ul>\n<p>[\/et_pb_accordion_item][et_pb_accordion_item title=&#8221;Javna nabava&#8221; _builder_version=&#8221;4.27.3&#8243; _module_preset=&#8221;default&#8221; global_colors_info=&#8221;{}&#8221; open=&#8221;on&#8221;]<\/p>\n<ul>\n<li><a href=\"https:\/\/www.cekom.hr\/wp-content\/uploads\/2025\/02\/Pravilnik-o-provedbi-postupaka-javne-nabave-1.pdf\" rel=\"attachment wp-att-6700\">Pravilnik o provedbi postupaka jednostavne nabave<\/a><\/li>\n<li><a href=\"https:\/\/www.cekom.hr\/wp-content\/uploads\/2026\/01\/1.-Plan-nabave-23.pdf\">Plan nabave 2026.<\/a><\/li>\n<li><a href=\"https:\/\/www.cekom.hr\/wp-content\/uploads\/2026\/01\/2.-Izmijenjena-verzija-plana-javne-nabave-11.pdf\">A\u017eurirani plan nabave 2026.<\/a><\/li>\n<li><a href=\"https:\/\/www.cekom.hr\/wp-content\/uploads\/2025\/03\/Plan-nabave-2025.pdf\">Plan nabave 2025.<\/a><\/li>\n<li><a href=\"https:\/\/www.cekom.hr\/wp-content\/uploads\/2025\/03\/Azurirani-plan-nabave-2025-1.pdf\">A\u017eurirani plan nabave 2025. 1<\/a><\/li>\n<li><a href=\"http:\/\/www.cekom.hr\/wp-content\/uploads\/2024\/01\/Izjava-o-nepostojanju-sukoba-interesa-\u2013-Uprava-Drustva.pdf\" rel=\"attachment wp-att-6653\">Izjava o nepostojanju sukoba interesa \u2013 Uprava Dru\u0161tva<\/a><\/li>\n<li><a href=\"http:\/\/www.cekom.hr\/wp-content\/uploads\/2024\/01\/Izjava-o-nepostojanju-sukoba-interesa-\u2013-Nadzorni-odbor-1.pdf\" rel=\"attachment wp-att-6652\">Izjava o nepostojanju sukoba interesa \u2013 Nadzorni odbor 1<\/a><\/li>\n<li><a href=\"http:\/\/www.cekom.hr\/wp-content\/uploads\/2024\/01\/Izjava-o-nepostojanju-sukoba-interesa-\u2013-Nadzorni-odbor-2.pdf\" rel=\"attachment wp-att-6651\">Izjava o nepostojanju sukoba interesa \u2013 Nadzorni odbor 2<\/a><\/li>\n<li><a href=\"http:\/\/www.cekom.hr\/wp-content\/uploads\/2024\/01\/Izjava-o-nepostojanju-sukoba-interesa-\u2013-Nadzorni-odbor-3.pdf\" rel=\"attachment wp-att-6650\">Izjava o nepostojanju sukoba interesa \u2013 Nadzorni odbor 3<\/a><\/li>\n<li><a href=\"http:\/\/www.cekom.hr\/wp-content\/uploads\/2024\/01\/Izjava-o-nepostojanju-sukoba-interesa-\u2013-Nadzorni-odbor-4.pdf\" rel=\"attachment wp-att-6649\">Izjava o nepostojanju sukoba interesa \u2013 Nadzorni odbor 4<\/a><\/li>\n<li><a href=\"http:\/\/www.cekom.hr\/wp-content\/uploads\/2024\/01\/Registar-ugovora.pdf\" rel=\"attachment wp-att-6654\">Registar ugovora<\/a><\/li>\n<\/ul>\n<p>[\/et_pb_accordion_item][et_pb_accordion_item title=&#8221;Propisi i bitni dokumenti&#8221; _builder_version=&#8221;4.24.0&#8243; _module_preset=&#8221;default&#8221; global_colors_info=&#8221;{}&#8221; open=&#8221;off&#8221;]<\/p>\n<ul>\n<li><a href=\"http:\/\/www.cekom.hr\/wp-content\/uploads\/2024\/01\/Zakon-o-regionalnom-razvoju-Republike-Hrvatske.docx\" rel=\"attachment wp-att-6701\">Zakon o regionalnom razvoju Republike Hrvatske<\/a><\/li>\n<li><a href=\"http:\/\/www.cekom.hr\/wp-content\/uploads\/2024\/01\/Strategija-pametne-specijalizacije-Republike-Hrvatske-za-razdoblje-od-2016.-do-2020.-godine.pdf\" rel=\"attachment wp-att-6702\">Strategija pametne specijalizacije Republike Hrvatske za razdoblje od 2016. do 2020. godine<\/a><\/li>\n<\/ul>\n<p>[\/et_pb_accordion_item][\/et_pb_accordion][\/et_pb_column][\/et_pb_row][\/et_pb_section]<\/p>","protected":false},"excerpt":{"rendered":"<p>CekomDokumenti Pravilnik o ure\u0111ivanju postupaka doniranja i sponzoriranja Izjava o donacijama za 2023. Izjava o donacijama za 2022. Izjava o donacijama za 2021. Izjava o donacijama za 2020. Izjava o donacijama za 2019. Izjava o donacijama za 2018. Izjava o donacijama za 2017. Bilje\u0161ke uz financijske izvje\u0161taje poduzetnika za 2024. godinu Godi\u0161nji financijski izvje\u0161taj poduzetnika [&hellip;]<\/p>","protected":false},"author":1,"featured_media":0,"parent":0,"menu_order":0,"comment_status":"closed","ping_status":"closed","template":"","meta":{"_et_pb_use_builder":"on","_et_pb_old_content":"<!-- wp:divi\/placeholder \/-->","_et_gb_content_width":"","footnotes":""},"class_list":["post-6440","page","type-page","status-publish","hentry"],"aioseo_notices":[],"_links":{"self":[{"href":"http:\/\/www.cekom.hr\/en\/wp-json\/wp\/v2\/pages\/6440","targetHints":{"allow":["GET"]}}],"collection":[{"href":"http:\/\/www.cekom.hr\/en\/wp-json\/wp\/v2\/pages"}],"about":[{"href":"http:\/\/www.cekom.hr\/en\/wp-json\/wp\/v2\/types\/page"}],"author":[{"embeddable":true,"href":"http:\/\/www.cekom.hr\/en\/wp-json\/wp\/v2\/users\/1"}],"replies":[{"embeddable":true,"href":"http:\/\/www.cekom.hr\/en\/wp-json\/wp\/v2\/comments?post=6440"}],"version-history":[{"count":9,"href":"http:\/\/www.cekom.hr\/en\/wp-json\/wp\/v2\/pages\/6440\/revisions"}],"predecessor-version":[{"id":9368,"href":"http:\/\/www.cekom.hr\/en\/wp-json\/wp\/v2\/pages\/6440\/revisions\/9368"}],"wp:attachment":[{"href":"http:\/\/www.cekom.hr\/en\/wp-json\/wp\/v2\/media?parent=6440"}],"curies":[{"name":"wp","href":"https:\/\/api.w.org\/{rel}","templated":true}]}}